{"id":1144,"date":"2023-04-29T14:30:00","date_gmt":"2023-04-29T12:30:00","guid":{"rendered":"http:\/\/parcelle112.com\/?page_id=1144"},"modified":"2023-11-29T15:35:01","modified_gmt":"2023-11-29T14:35:01","slug":"presentation","status":"publish","type":"page","link":"https:\/\/parcelle112.com\/?page_id=1144","title":{"rendered":"PR\u00c9SENTATION"},"content":{"rendered":"\t\t<div data-elementor-type=\"wp-page\" data-elementor-id=\"1144\" class=\"elementor elementor-1144\">\n\t\t\t\t\t\t<section class=\"elementor-section elementor-top-section elementor-element elementor-element-ed69e9d elementor-section-boxed elementor-section-height-default elementor-section-height-default\" data-id=\"ed69e9d\" data-element_type=\"section\" data-e-type=\"section\">\n\t\t\t\t\t\t<div class=\"elementor-container elementor-column-gap-default\">\n\t\t\t\t\t<div class=\"elementor-column elementor-col-100 elementor-top-column elementor-element elementor-element-a6fdbad\" data-id=\"a6fdbad\" data-element_type=\"column\" data-e-type=\"column\">\n\t\t\t<div class=\"elementor-widget-wrap elementor-element-populated\">\n\t\t\t\t\t\t<div class=\"elementor-element elementor-element-42c731ec elementor-widget elementor-widget-heading\" data-id=\"42c731ec\" data-element_type=\"widget\" data-e-type=\"widget\" data-widget_type=\"heading.default\">\n\t\t\t\t<div class=\"elementor-widget-container\">\n\t\t\t\t\t<h4 class=\"elementor-heading-title elementor-size-default\">Parcelle 112 <\/h4>\t\t\t\t<\/div>\n\t\t\t\t<\/div>\n\t\t\t\t\t<\/div>\n\t\t<\/div>\n\t\t\t\t\t<\/div>\n\t\t<\/section>\n\t\t\t\t<section class=\"elementor-section elementor-top-section elementor-element elementor-element-25b31f9 elementor-section-boxed elementor-section-height-default elementor-section-height-default\" data-id=\"25b31f9\" data-element_type=\"section\" data-e-type=\"section\">\n\t\t\t\t\t\t<div class=\"elementor-container elementor-column-gap-default\">\n\t\t\t\t\t<div class=\"elementor-column elementor-col-50 elementor-top-column elementor-element elementor-element-05b2cf9\" data-id=\"05b2cf9\" data-element_type=\"column\" data-e-type=\"column\">\n\t\t\t<div class=\"elementor-widget-wrap elementor-element-populated\">\n\t\t\t\t\t\t<div class=\"elementor-element elementor-element-258d3a3 elementor-widget elementor-widget-image\" data-id=\"258d3a3\" data-element_type=\"widget\" data-e-type=\"widget\" data-widget_type=\"image.default\">\n\t\t\t\t<div class=\"elementor-widget-container\">\n\t\t\t\t\t\t\t\t\t\t\t\t\t\t\t<img fetchpriority=\"high\" decoding=\"async\" width=\"1024\" height=\"771\" src=\"https:\/\/parcelle112.com\/wp-content\/uploads\/2023\/04\/PARZELLE112-1-1024x771.jpg\" class=\"attachment-large size-large wp-image-1188\" alt=\"\" srcset=\"https:\/\/parcelle112.com\/wp-content\/uploads\/2023\/04\/PARZELLE112-1-1024x771.jpg 1024w, https:\/\/parcelle112.com\/wp-content\/uploads\/2023\/04\/PARZELLE112-1-300x226.jpg 300w, https:\/\/parcelle112.com\/wp-content\/uploads\/2023\/04\/PARZELLE112-1-768x579.jpg 768w, https:\/\/parcelle112.com\/wp-content\/uploads\/2023\/04\/PARZELLE112-1.jpg 1070w\" sizes=\"(max-width: 1024px) 100vw, 1024px\" \/>\t\t\t\t\t\t\t\t\t\t\t\t\t\t\t<\/div>\n\t\t\t\t<\/div>\n\t\t\t\t\t<\/div>\n\t\t<\/div>\n\t\t\t\t<div class=\"elementor-column elementor-col-50 elementor-top-column elementor-element elementor-element-649dab6\" data-id=\"649dab6\" data-element_type=\"column\" data-e-type=\"column\">\n\t\t\t<div class=\"elementor-widget-wrap elementor-element-populated\">\n\t\t\t\t\t\t<div class=\"elementor-element elementor-element-6ea5352b elementor-widget__width-initial elementor-widget elementor-widget-text-editor\" data-id=\"6ea5352b\" data-element_type=\"widget\" data-e-type=\"widget\" data-widget_type=\"text-editor.default\">\n\t\t\t\t<div class=\"elementor-widget-container\">\n\t\t\t\t\t\t\t\t\t<p>L\u2019\u00e9criture de mes deux derni\u00e8res pi\u00e8ces &#8211; La Passe et Sublime(s) &#8211; sont le fruit de rencontres avec des femmes aux histoires transgressives. Des histoires en&nbsp;<span style=\"background-color: var(--nv-site-bg); letter-spacing: var(--bodyletterspacing); text-transform: var(--bodytexttransform);\">marge, celle de Catherine T. dans la prostitution et celle de Julie L. qui l\u2019a conduite en prison. Des parcours marqu\u00e9s par les exp\u00e9riences extr\u00eames de la vie.<\/span><\/p>\n<p>Ma recherche artistique s\u2019articule sur la nature et la place du r\u00e9cit intime dans la narration sc\u00e9nique. Comment une \u00e9criture peut na\u00eetre de ces r\u00e9cits et des&nbsp;<span style=\"background-color: var(--nv-site-bg); letter-spacing: var(--bodyletterspacing); text-transform: var(--bodytexttransform);\">rencontres avec les personnes qui les expriment, et comment cela s\u2019incarne alors dans une forme sc\u00e9nique, des personnages, autrement dit, dans une pi\u00e8ce.<\/span><\/p>\n<p>Je questionne dans cette mise en \u00ab spectacle de l\u2019intime \u00bb, les processus d\u2019exhibition inh\u00e9rente \u00e0 la repr\u00e9sentation publique qui mettent en tension les&nbsp;<span style=\"background-color: var(--nv-site-bg); letter-spacing: var(--bodyletterspacing); text-transform: var(--bodytexttransform);\">notions de fronti\u00e8re entre espace priv\u00e9 et espace public, cach\u00e9 et visible, v\u00e9rit\u00e9 et mensonge, r\u00e9el et fiction\u2026&nbsp; La question du regard, de ce qui se joue entre&nbsp;<\/span><span style=\"background-color: var(--nv-site-bg); letter-spacing: var(--bodyletterspacing); text-transform: var(--bodytexttransform);\">celui ou celle qui regarde et celui ou celle qui est sur sc\u00e8ne, et la distance n\u00e9cessaire \u00e0 cette rencontre, sont centrales. Cette r\u00e9flexion travaille sur une&nbsp;<\/span><span style=\"letter-spacing: var(--bodyletterspacing); text-transform: var(--bodytexttransform); background-color: var(--nv-site-bg);\">observation \u00e9largie des diff\u00e9rents champs qui sont impliqu\u00e9s dans les processus d\u2019introspections intimes et comment cela va se traduire ensuite par des&nbsp;<\/span><span style=\"background-color: var(--nv-site-bg); letter-spacing: var(--bodyletterspacing); text-transform: var(--bodytexttransform);\">gestes sc\u00e9niques : th\u00e9\u00e2tre, performance, danse, arts plastiques, arts sonores et visuels,\u2026 Transversalit\u00e9 et exp\u00e9rimentation libre sont pour moi le propre (ou&nbsp;<\/span><span style=\"letter-spacing: var(--bodyletterspacing); text-transform: var(--bodytexttransform); background-color: var(--nv-site-bg);\">le sale) de la cr\u00e9ation !<\/span><\/p>\n<p>Je ne travaille \u00e9videmment pas seule, ce sont les \u00e9changes avec les collaborateurices et concepteurices que je r\u00e9unis sur mes projets, qui donnent&nbsp;<span style=\"background-color: var(--nv-site-bg); letter-spacing: var(--bodyletterspacing); text-transform: var(--bodytexttransform);\">naissance \u00e0 un processus de travail d\u2019abord, puis aux diff\u00e9rentes pi\u00e8ces qui sortent du laboratoire.&nbsp; Les pi\u00e8ces devraient pouvoir continuer leur maturation&nbsp;<\/span><span style=\"background-color: var(--nv-site-bg); letter-spacing: var(--bodyletterspacing); text-transform: var(--bodytexttransform);\">dans leur \u00e9tat d\u2019inach\u00e8vement, un \u00e9tat inh\u00e9rent au vivant qui traduit un mouvement plut\u00f4t qu\u2019une finalit\u00e9.<\/span><\/p><p><span style=\"background-color: var(--nv-site-bg); letter-spacing: var(--bodyletterspacing); text-transform: var(--bodytexttransform);\"><br><\/span><\/p>\t\t\t\t\t\t\t\t<\/div>\n\t\t\t\t<\/div>\n\t\t\t\t\t<\/div>\n\t\t<\/div>\n\t\t\t\t\t<\/div>\n\t\t<\/section>\n\t\t\t\t<\/div>\n\t\t","protected":false},"excerpt":{"rendered":"<p>Parcelle 112 L\u2019\u00e9criture de mes deux derni\u00e8res pi\u00e8ces &#8211; La Passe et Sublime(s) &#8211; sont le fruit de rencontres avec des femmes aux histoires transgressives. Des histoires en&nbsp;marge, celle de Catherine T. dans la prostitution et celle de Julie L. qui l\u2019a conduite en prison. Des parcours marqu\u00e9s par les exp\u00e9riences extr\u00eames de la vie.&hellip;&nbsp;<a href=\"https:\/\/parcelle112.com\/?page_id=1144\" class=\"\" rel=\"bookmark\">Lire la suite &raquo;<span class=\"screen-reader-text\">PR\u00c9SENTATION<\/span><\/a><\/p>\n","protected":false},"author":1,"featured_media":0,"parent":0,"menu_order":0,"comment_status":"closed","ping_status":"closed","template":"elementor_header_footer","meta":{"neve_meta_sidebar":"","neve_meta_container":"","neve_meta_enable_content_width":"","neve_meta_content_width":0,"neve_meta_title_alignment":"","neve_meta_author_avatar":"","neve_post_elements_order":"","neve_meta_disable_header":"","neve_meta_disable_footer":"","neve_meta_disable_title":"","footnotes":""},"class_list":["post-1144","page","type-page","status-publish","hentry"],"_links":{"self":[{"href":"https:\/\/parcelle112.com\/index.php?rest_route=\/wp\/v2\/pages\/1144","targetHints":{"allow":["GET"]}}],"collection":[{"href":"https:\/\/parcelle112.com\/index.php?rest_route=\/wp\/v2\/pages"}],"about":[{"href":"https:\/\/parcelle112.com\/index.php?rest_route=\/wp\/v2\/types\/page"}],"author":[{"embeddable":true,"href":"https:\/\/parcelle112.com\/index.php?rest_route=\/wp\/v2\/users\/1"}],"replies":[{"embeddable":true,"href":"https:\/\/parcelle112.com\/index.php?rest_route=%2Fwp%2Fv2%2Fcomments&post=1144"}],"version-history":[{"count":76,"href":"https:\/\/parcelle112.com\/index.php?rest_route=\/wp\/v2\/pages\/1144\/revisions"}],"predecessor-version":[{"id":2616,"href":"https:\/\/parcelle112.com\/index.php?rest_route=\/wp\/v2\/pages\/1144\/revisions\/2616"}],"wp:attachment":[{"href":"https:\/\/parcelle112.com\/index.php?rest_route=%2Fwp%2Fv2%2Fmedia&parent=1144"}],"curies":[{"name":"wp","href":"https:\/\/api.w.org\/{rel}","templated":true}]}}