{"id":1146,"date":"2023-04-29T14:30:00","date_gmt":"2023-04-29T12:30:00","guid":{"rendered":"http:\/\/parcelle112.com\/?page_id=1146"},"modified":"2023-12-01T19:11:33","modified_gmt":"2023-12-01T18:11:33","slug":"collaborations","status":"publish","type":"page","link":"https:\/\/parcelle112.com\/?page_id=1146","title":{"rendered":"Collaborations"},"content":{"rendered":"\t\t<div data-elementor-type=\"wp-page\" data-elementor-id=\"1146\" class=\"elementor elementor-1146\">\n\t\t\t\t\t\t<section class=\"elementor-section elementor-top-section elementor-element elementor-element-2ab5d08 elementor-section-boxed elementor-section-height-default elementor-section-height-default\" data-id=\"2ab5d08\" data-element_type=\"section\" data-e-type=\"section\">\n\t\t\t\t\t\t<div class=\"elementor-container elementor-column-gap-default\">\n\t\t\t\t\t<div class=\"elementor-column elementor-col-100 elementor-top-column elementor-element elementor-element-0181822\" data-id=\"0181822\" data-element_type=\"column\" data-e-type=\"column\">\n\t\t\t<div class=\"elementor-widget-wrap elementor-element-populated\">\n\t\t\t\t\t\t<div class=\"elementor-element elementor-element-e759061 elementor-widget elementor-widget-heading\" data-id=\"e759061\" data-element_type=\"widget\" data-e-type=\"widget\" data-widget_type=\"heading.default\">\n\t\t\t\t<div class=\"elementor-widget-container\">\n\t\t\t\t\t<h2 class=\"elementor-heading-title elementor-size-default\">Collaborations <\/h2>\t\t\t\t<\/div>\n\t\t\t\t<\/div>\n\t\t\t\t\t<\/div>\n\t\t<\/div>\n\t\t\t\t\t<\/div>\n\t\t<\/section>\n\t\t\t\t<section class=\"elementor-section elementor-top-section elementor-element elementor-element-183039e elementor-section-boxed elementor-section-height-default elementor-section-height-default\" data-id=\"183039e\" data-element_type=\"section\" data-e-type=\"section\">\n\t\t\t\t\t\t<div class=\"elementor-container elementor-column-gap-default\">\n\t\t\t\t\t<div class=\"elementor-column elementor-col-50 elementor-top-column elementor-element elementor-element-0b21015\" data-id=\"0b21015\" data-element_type=\"column\" data-e-type=\"column\">\n\t\t\t<div class=\"elementor-widget-wrap elementor-element-populated\">\n\t\t\t\t\t\t<div class=\"elementor-element elementor-element-d86f879 elementor-widget elementor-widget-image\" data-id=\"d86f879\" data-element_type=\"widget\" data-e-type=\"widget\" data-widget_type=\"image.default\">\n\t\t\t\t<div class=\"elementor-widget-container\">\n\t\t\t\t\t\t\t\t\t\t\t\t\t\t\t<img fetchpriority=\"high\" decoding=\"async\" width=\"1024\" height=\"573\" src=\"https:\/\/parcelle112.com\/wp-content\/uploads\/2022\/12\/Capture-decran-2022-03-24-a-21.29.40-1024x573.png\" class=\"attachment-large size-large wp-image-1072\" alt=\"\" srcset=\"https:\/\/parcelle112.com\/wp-content\/uploads\/2022\/12\/Capture-decran-2022-03-24-a-21.29.40-1024x573.png 1024w, https:\/\/parcelle112.com\/wp-content\/uploads\/2022\/12\/Capture-decran-2022-03-24-a-21.29.40-300x168.png 300w, https:\/\/parcelle112.com\/wp-content\/uploads\/2022\/12\/Capture-decran-2022-03-24-a-21.29.40-768x430.png 768w, https:\/\/parcelle112.com\/wp-content\/uploads\/2022\/12\/Capture-decran-2022-03-24-a-21.29.40.png 1269w\" sizes=\"(max-width: 1024px) 100vw, 1024px\" \/>\t\t\t\t\t\t\t\t\t\t\t\t\t\t\t<\/div>\n\t\t\t\t<\/div>\n\t\t\t\t\t<\/div>\n\t\t<\/div>\n\t\t\t\t<div class=\"elementor-column elementor-col-50 elementor-top-column elementor-element elementor-element-c582834\" data-id=\"c582834\" data-element_type=\"column\" data-e-type=\"column\">\n\t\t\t<div class=\"elementor-widget-wrap elementor-element-populated\">\n\t\t\t\t\t\t<div class=\"elementor-element elementor-element-4789ca8 elementor-widget elementor-widget-text-editor\" data-id=\"4789ca8\" data-element_type=\"widget\" data-e-type=\"widget\" data-widget_type=\"text-editor.default\">\n\t\t\t\t<div class=\"elementor-widget-container\">\n\t\t\t\t\t\t\t\t\t<p>J\u2019aimerais saluer les diverses collaborations qui m\u2019ont permis de mettre en \u0153uvre <br>et de r\u00e9aliser mes projets depuis la cr\u00e9ation de la compagnie en 2010.<br>J\u2019ai travaill\u00e9 avec des artistes plasticiens, sc\u00e9nographes et vid\u00e9aste (Chantal de la Coste, Marion Lachaise), les musiciens et cr\u00e9ateurs sonore (Stan Brunon Valette, Nicolas Jorio, Emmanuel Soland), les cin\u00e9astes (Stanley Woodward, Martin Verdet), les \u00e9clairagiste (Julien Chatenet, David Menard)&nbsp;<br>Collaborations techniques et administratives&nbsp;: <br>R\u00e9gie g\u00e9n\u00e9rale (Stan Bruno Valette, Camille Urvoy), administration (Martine&nbsp; Bellanza, Dant\u00e8s Pigeard) <br>Responsable du d\u00e9veloppement des projets et de la production de la compagnie Parcelle112 : Dant\u00e8s Pigeard.<\/p>\n<p><em style=\"background-color: var(--nv-site-bg); letter-spacing: var(--bodyletterspacing); text-transform: var(--bodytexttransform);\">Compagnonnage et soutien en production&nbsp;: Arthur Nauzyciel et Anne Cuisset d\u2019abord au CDN d\u2019Orl\u00e9ans &#8211; Loiret, Centre puis au TNB, Patrick Ranchain au th\u00e9\u00e2tre du Bois de l\u2019Aunes, Nasser Djema\u00ef au Th\u00e9\u00e2tre des Quartiers d\u2019Ivry et Hortense Archambault \u00e0 la MC93.<\/em><br><\/p>\n<p><em>Sans oublier La Chartreuse-CNES, Th\u00e9\u00e2tre Ouvert, le Centquatre-Paris et Le th\u00e9\u00e2tre Paris-Villette pour le soutien en r\u00e9sidence.<\/em><\/p>\n<p><em><br><\/em><\/p>\t\t\t\t\t\t\t\t<\/div>\n\t\t\t\t<\/div>\n\t\t\t\t\t<\/div>\n\t\t<\/div>\n\t\t\t\t\t<\/div>\n\t\t<\/section>\n\t\t\t\t<\/div>\n\t\t","protected":false},"excerpt":{"rendered":"<p>Collaborations J\u2019aimerais saluer les diverses collaborations qui m\u2019ont permis de mettre en \u0153uvre et de r\u00e9aliser mes projets depuis la cr\u00e9ation de la compagnie en 2010.J\u2019ai travaill\u00e9 avec des artistes plasticiens, sc\u00e9nographes et vid\u00e9aste (Chantal de la Coste, Marion Lachaise), les musiciens et cr\u00e9ateurs sonore (Stan Brunon Valette, Nicolas Jorio, Emmanuel Soland), les cin\u00e9astes (Stanley&hellip;&nbsp;<a href=\"https:\/\/parcelle112.com\/?page_id=1146\" class=\"\" rel=\"bookmark\">Lire la suite &raquo;<span class=\"screen-reader-text\">Collaborations<\/span><\/a><\/p>\n","protected":false},"author":1,"featured_media":0,"parent":0,"menu_order":0,"comment_status":"closed","ping_status":"closed","template":"","meta":{"neve_meta_sidebar":"","neve_meta_container":"","neve_meta_enable_content_width":"","neve_meta_content_width":0,"neve_meta_title_alignment":"","neve_meta_author_avatar":"","neve_post_elements_order":"","neve_meta_disable_header":"","neve_meta_disable_footer":"","neve_meta_disable_title":"","footnotes":""},"class_list":["post-1146","page","type-page","status-publish","hentry"],"_links":{"self":[{"href":"https:\/\/parcelle112.com\/index.php?rest_route=\/wp\/v2\/pages\/1146","targetHints":{"allow":["GET"]}}],"collection":[{"href":"https:\/\/parcelle112.com\/index.php?rest_route=\/wp\/v2\/pages"}],"about":[{"href":"https:\/\/parcelle112.com\/index.php?rest_route=\/wp\/v2\/types\/page"}],"author":[{"embeddable":true,"href":"https:\/\/parcelle112.com\/index.php?rest_route=\/wp\/v2\/users\/1"}],"replies":[{"embeddable":true,"href":"https:\/\/parcelle112.com\/index.php?rest_route=%2Fwp%2Fv2%2Fcomments&post=1146"}],"version-history":[{"count":35,"href":"https:\/\/parcelle112.com\/index.php?rest_route=\/wp\/v2\/pages\/1146\/revisions"}],"predecessor-version":[{"id":2715,"href":"https:\/\/parcelle112.com\/index.php?rest_route=\/wp\/v2\/pages\/1146\/revisions\/2715"}],"wp:attachment":[{"href":"https:\/\/parcelle112.com\/index.php?rest_route=%2Fwp%2Fv2%2Fmedia&parent=1146"}],"curies":[{"name":"wp","href":"https:\/\/api.w.org\/{rel}","templated":true}]}}