{"id":1148,"date":"2023-04-29T14:30:00","date_gmt":"2023-04-29T12:30:00","guid":{"rendered":"http:\/\/parcelle112.com\/?page_id=1148"},"modified":"2024-03-28T16:24:12","modified_gmt":"2024-03-28T15:24:12","slug":"sorcyer-e-s","status":"publish","type":"page","link":"https:\/\/parcelle112.com\/?page_id=1148","title":{"rendered":"SorcyereXs"},"content":{"rendered":"\t\t<div data-elementor-type=\"wp-page\" data-elementor-id=\"1148\" class=\"elementor elementor-1148\">\n\t\t\t\t\t\t<section class=\"elementor-section elementor-top-section elementor-element elementor-element-f2bf942 elementor-section-boxed elementor-section-height-default elementor-section-height-default\" data-id=\"f2bf942\" data-element_type=\"section\" data-e-type=\"section\">\n\t\t\t\t\t\t<div class=\"elementor-container elementor-column-gap-default\">\n\t\t\t\t\t<div class=\"elementor-column elementor-col-100 elementor-top-column elementor-element elementor-element-4c3d78e\" data-id=\"4c3d78e\" data-element_type=\"column\" data-e-type=\"column\">\n\t\t\t<div class=\"elementor-widget-wrap elementor-element-populated\">\n\t\t\t\t\t\t<div class=\"elementor-element elementor-element-78a0063 elementor-widget elementor-widget-text-editor\" data-id=\"78a0063\" data-element_type=\"widget\" data-e-type=\"widget\" data-widget_type=\"text-editor.default\">\n\t\t\t\t<div class=\"elementor-widget-container\">\n\t\t\t\t\t\t\t\t\t<p>Sorcy\u00e8reXs<\/p>\t\t\t\t\t\t\t\t<\/div>\n\t\t\t\t<\/div>\n\t\t\t\t\t<\/div>\n\t\t<\/div>\n\t\t\t\t\t<\/div>\n\t\t<\/section>\n\t\t\t\t<section class=\"elementor-section elementor-top-section elementor-element elementor-element-3db6902 elementor-section-boxed elementor-section-height-default elementor-section-height-default\" data-id=\"3db6902\" data-element_type=\"section\" data-e-type=\"section\">\n\t\t\t\t\t\t<div class=\"elementor-container elementor-column-gap-default\">\n\t\t\t\t\t<div class=\"elementor-column elementor-col-100 elementor-top-column elementor-element elementor-element-f3c1207\" data-id=\"f3c1207\" data-element_type=\"column\" data-e-type=\"column\">\n\t\t\t<div class=\"elementor-widget-wrap elementor-element-populated\">\n\t\t\t\t\t\t<div class=\"elementor-element elementor-element-6d25166 elementor-widget elementor-widget-text-editor\" data-id=\"6d25166\" data-element_type=\"widget\" data-e-type=\"widget\" data-widget_type=\"text-editor.default\">\n\t\t\t\t<div class=\"elementor-widget-container\">\n\t\t\t\t\t\t\t\t\t<div><div><\/div><\/div>\t\t\t\t\t\t\t\t<\/div>\n\t\t\t\t<\/div>\n\t\t\t\t\t<\/div>\n\t\t<\/div>\n\t\t\t\t\t<\/div>\n\t\t<\/section>\n\t\t\t\t<section class=\"elementor-section elementor-top-section elementor-element elementor-element-087d0a1 elementor-section-boxed elementor-section-height-default elementor-section-height-default\" data-id=\"087d0a1\" data-element_type=\"section\" data-e-type=\"section\">\n\t\t\t\t\t\t<div class=\"elementor-container elementor-column-gap-default\">\n\t\t\t\t\t<div class=\"elementor-column elementor-col-100 elementor-top-column elementor-element elementor-element-14b7f92\" data-id=\"14b7f92\" data-element_type=\"column\" data-e-type=\"column\">\n\t\t\t<div class=\"elementor-widget-wrap elementor-element-populated\">\n\t\t\t\t\t\t<div class=\"elementor-element elementor-element-d9791c8 elementor-widget elementor-widget-text-editor\" data-id=\"d9791c8\" data-element_type=\"widget\" data-e-type=\"widget\" data-widget_type=\"text-editor.default\">\n\t\t\t\t<div class=\"elementor-widget-container\">\n\t\t\t\t\t\t\t\t\t<p>\u00a0 \u00a0 \u00a0 \u00a0 \u00a9 Pierre Daendliker<\/p>\t\t\t\t\t\t\t\t<\/div>\n\t\t\t\t<\/div>\n\t\t\t\t\t<\/div>\n\t\t<\/div>\n\t\t\t\t\t<\/div>\n\t\t<\/section>\n\t\t\t\t<section class=\"elementor-section elementor-top-section elementor-element elementor-element-b2cb404 elementor-section-boxed elementor-section-height-default elementor-section-height-default\" data-id=\"b2cb404\" data-element_type=\"section\" data-e-type=\"section\">\n\t\t\t\t\t\t<div class=\"elementor-container elementor-column-gap-default\">\n\t\t\t\t\t<div class=\"elementor-column elementor-col-50 elementor-top-column elementor-element elementor-element-febf6a9\" data-id=\"febf6a9\" data-element_type=\"column\" data-e-type=\"column\">\n\t\t\t<div class=\"elementor-widget-wrap elementor-element-populated\">\n\t\t\t\t\t\t<div class=\"elementor-element elementor-element-55bd7c9 elementor-widget elementor-widget-text-editor\" data-id=\"55bd7c9\" data-element_type=\"widget\" data-e-type=\"widget\" data-widget_type=\"text-editor.default\">\n\t\t\t\t<div class=\"elementor-widget-container\">\n\t\t\t\t\t\t\t\t\t<p>Sorcy\u00e8reXs est une \u0153uvre performative, immersive, d\u00e9ambulatoire, enchant\u00e9e, m\u00e9taphysique, historique, m\u00e9taphorique, futuriste, sonore, collective, participative, riche en ocytocine\u2026 Le public pourra inventer librement son parcours entre les cocons des cinq personnages incarnant la th\u00e9matique des sorci\u00e8res dans sa dimension contemporaine et marginale. <br>L\u2019approche de ces figures repose sur les non-dits, tabous, croyances et autres comportements consid\u00e9r\u00e9s comme asociaux allant de la r\u00e9bellion personnelle ou politique jusqu\u2019aux pathologies de l\u2019\u00e2me. <br>Au fil de cette d\u00e9ambulation sensorielle, les spectateur\u00b7rice\u00b7x\u00b7s exp\u00e9rimentent au-del\u00e0 du mythe leur propre lien avec ces facettes obscures et\/ou lumineuses.<\/p>\t\t\t\t\t\t\t\t<\/div>\n\t\t\t\t<\/div>\n\t\t\t\t\t<\/div>\n\t\t<\/div>\n\t\t\t\t<div class=\"elementor-column elementor-col-50 elementor-top-column elementor-element elementor-element-623ea99\" data-id=\"623ea99\" data-element_type=\"column\" data-e-type=\"column\">\n\t\t\t<div class=\"elementor-widget-wrap elementor-element-populated\">\n\t\t\t\t\t\t<div class=\"elementor-element elementor-element-b73d433 elementor-widget__width-initial elementor-widget elementor-widget-text-editor\" data-id=\"b73d433\" data-element_type=\"widget\" data-e-type=\"widget\" data-widget_type=\"text-editor.default\">\n\t\t\t\t<div class=\"elementor-widget-container\">\n\t\t\t\t\t\t\t\t\t<p><strong>Performance<\/strong>\u00a0Vanessa Larr\u00e9, Christophe Burgess, Tha\u00efs Venetz, Claire Frachebourg, Vincent Ozanon<br \/><strong>Sc\u00e9nographie<\/strong>\u00a0Charlotte Olivieri, Matilde Soldati<br \/><strong>Installation-cr\u00e9ation sonore<\/strong>\u00a0Claire Frachebourg, Tobi Lanz<br \/><strong>Cr\u00e9ation lumi\u00e8re<\/strong>\u00a0Lauriane Tissot<br \/><strong>Construction bois et m\u00e9tal<\/strong>\u00a0Nolan Gosparini<br \/><strong>Production et diffusion<\/strong>\u00a0Yamina Pilli \/ oh la la \u2013 performing arts production<br \/><strong>Coproduction<\/strong>\u00a0Le Spot, Sion<br \/><strong>Soutiens<\/strong>\u00a0\u00c9tat du Valais, Ville de Sion, Fondation Gianadda<\/p><p>\u00a0<\/p>\t\t\t\t\t\t\t\t<\/div>\n\t\t\t\t<\/div>\n\t\t\t\t\t<\/div>\n\t\t<\/div>\n\t\t\t\t\t<\/div>\n\t\t<\/section>\n\t\t\t\t<\/div>\n\t\t","protected":false},"excerpt":{"rendered":"<p>Sorcy\u00e8reXs \u00a0 \u00a0 \u00a0 \u00a0 \u00a9 Pierre Daendliker Sorcy\u00e8reXs est une \u0153uvre performative, immersive, d\u00e9ambulatoire, enchant\u00e9e, m\u00e9taphysique, historique, m\u00e9taphorique, futuriste, sonore, collective, participative, riche en ocytocine\u2026 Le public pourra inventer librement son parcours entre les cocons des cinq personnages incarnant la th\u00e9matique des sorci\u00e8res dans sa dimension contemporaine et marginale. L\u2019approche de ces figures repose&hellip;&nbsp;<a href=\"https:\/\/parcelle112.com\/?page_id=1148\" class=\"\" rel=\"bookmark\">Lire la suite &raquo;<span class=\"screen-reader-text\">SorcyereXs<\/span><\/a><\/p>\n","protected":false},"author":1,"featured_media":0,"parent":0,"menu_order":0,"comment_status":"closed","ping_status":"closed","template":"page-templates\/template-pagebuilder-full-width.php","meta":{"neve_meta_sidebar":"","neve_meta_container":"","neve_meta_enable_content_width":"","neve_meta_content_width":0,"neve_meta_title_alignment":"","neve_meta_author_avatar":"","neve_post_elements_order":"","neve_meta_disable_header":"","neve_meta_disable_footer":"","neve_meta_disable_title":"","footnotes":""},"class_list":["post-1148","page","type-page","status-publish","hentry"],"_links":{"self":[{"href":"https:\/\/parcelle112.com\/index.php?rest_route=\/wp\/v2\/pages\/1148","targetHints":{"allow":["GET"]}}],"collection":[{"href":"https:\/\/parcelle112.com\/index.php?rest_route=\/wp\/v2\/pages"}],"about":[{"href":"https:\/\/parcelle112.com\/index.php?rest_route=\/wp\/v2\/types\/page"}],"author":[{"embeddable":true,"href":"https:\/\/parcelle112.com\/index.php?rest_route=\/wp\/v2\/users\/1"}],"replies":[{"embeddable":true,"href":"https:\/\/parcelle112.com\/index.php?rest_route=%2Fwp%2Fv2%2Fcomments&post=1148"}],"version-history":[{"count":71,"href":"https:\/\/parcelle112.com\/index.php?rest_route=\/wp\/v2\/pages\/1148\/revisions"}],"predecessor-version":[{"id":2852,"href":"https:\/\/parcelle112.com\/index.php?rest_route=\/wp\/v2\/pages\/1148\/revisions\/2852"}],"wp:attachment":[{"href":"https:\/\/parcelle112.com\/index.php?rest_route=%2Fwp%2Fv2%2Fmedia&parent=1148"}],"curies":[{"name":"wp","href":"https:\/\/api.w.org\/{rel}","templated":true}]}}