{"id":1150,"date":"2023-04-29T14:30:00","date_gmt":"2023-04-29T12:30:00","guid":{"rendered":"http:\/\/parcelle112.com\/?page_id=1150"},"modified":"2024-03-27T19:22:44","modified_gmt":"2024-03-27T18:22:44","slug":"workshops","status":"publish","type":"page","link":"https:\/\/parcelle112.com\/?page_id=1150","title":{"rendered":"Workshops"},"content":{"rendered":"\t\t<div data-elementor-type=\"wp-page\" data-elementor-id=\"1150\" class=\"elementor elementor-1150\">\n\t\t\t\t\t\t<section class=\"elementor-section elementor-top-section elementor-element elementor-element-050bae4 elementor-section-boxed elementor-section-height-default elementor-section-height-default\" data-id=\"050bae4\" data-element_type=\"section\" data-e-type=\"section\">\n\t\t\t\t\t\t<div class=\"elementor-container elementor-column-gap-default\">\n\t\t\t\t\t<div class=\"elementor-column elementor-col-100 elementor-top-column elementor-element elementor-element-7bcc00e\" data-id=\"7bcc00e\" data-element_type=\"column\" data-e-type=\"column\">\n\t\t\t<div class=\"elementor-widget-wrap elementor-element-populated\">\n\t\t\t\t\t\t<div class=\"elementor-element elementor-element-d1cb7b0 elementor-widget elementor-widget-text-editor\" data-id=\"d1cb7b0\" data-element_type=\"widget\" data-e-type=\"widget\" data-widget_type=\"text-editor.default\">\n\t\t\t\t<div class=\"elementor-widget-container\">\n\t\t\t\t\t\t\t\t\t<p>Workshops<\/p><p>\u00a0<\/p>\t\t\t\t\t\t\t\t<\/div>\n\t\t\t\t<\/div>\n\t\t\t\t\t<\/div>\n\t\t<\/div>\n\t\t\t\t\t<\/div>\n\t\t<\/section>\n\t\t\t\t<section class=\"elementor-section elementor-top-section elementor-element elementor-element-c01280b elementor-section-boxed elementor-section-height-default elementor-section-height-default\" data-id=\"c01280b\" data-element_type=\"section\" data-e-type=\"section\">\n\t\t\t\t\t\t<div class=\"elementor-container elementor-column-gap-default\">\n\t\t\t\t\t<div class=\"elementor-column elementor-col-100 elementor-top-column elementor-element elementor-element-b0cfc9d\" data-id=\"b0cfc9d\" data-element_type=\"column\" data-e-type=\"column\">\n\t\t\t<div class=\"elementor-widget-wrap elementor-element-populated\">\n\t\t\t\t\t\t<div class=\"elementor-element elementor-element-f302c8b elementor-widget elementor-widget-text-editor\" data-id=\"f302c8b\" data-element_type=\"widget\" data-e-type=\"widget\" data-widget_type=\"text-editor.default\">\n\t\t\t\t<div class=\"elementor-widget-container\">\n\t\t\t\t\t\t\t\t\t<div><\/div>\t\t\t\t\t\t\t\t<\/div>\n\t\t\t\t<\/div>\n\t\t\t\t\t<\/div>\n\t\t<\/div>\n\t\t\t\t\t<\/div>\n\t\t<\/section>\n\t\t\t\t<section class=\"elementor-section elementor-top-section elementor-element elementor-element-447da59 elementor-section-boxed elementor-section-height-default elementor-section-height-default\" data-id=\"447da59\" data-element_type=\"section\" data-e-type=\"section\">\n\t\t\t\t\t\t<div class=\"elementor-container elementor-column-gap-default\">\n\t\t\t\t\t<div class=\"elementor-column elementor-col-50 elementor-top-column elementor-element elementor-element-b04596a\" data-id=\"b04596a\" data-element_type=\"column\" data-e-type=\"column\">\n\t\t\t<div class=\"elementor-widget-wrap elementor-element-populated\">\n\t\t\t\t\t\t<div class=\"elementor-element elementor-element-0a7104b elementor-widget elementor-widget-text-editor\" data-id=\"0a7104b\" data-element_type=\"widget\" data-e-type=\"widget\" data-widget_type=\"text-editor.default\">\n\t\t\t\t<div class=\"elementor-widget-container\">\n\t\t\t\t\t\t\t\t\t<p>Tout au long de ma pratique j\u2019ai \u00e9t\u00e9 sollicit\u00e9e pour diriger des ateliers de formations th\u00e9\u00e2trales aupr\u00e8s de lyc\u00e9en.nes, d\u2019\u00e9tudiants en \u00e9cole d\u2019art, dans des Conservatoires ou des \u00e9coles sup\u00e9rieures de formation d\u2019art dramatique (Les Teintureries \u00e0 Lausanne, l\u2019Ensatt \u00e0 Lyon).<\/p><p>J\u2019ai moi m\u00eame \u00e9t\u00e9 form\u00e9e au CNSAD (1993-96) ou j\u2019ai rencontr\u00e9 \u00ab\u00a0mes ma\u00eetres\u00a0\u00bb comme on aimait les appeler \u00e0 \u2018\u00e9poque, que ce soit des femmes ou des hommes. Par la suite j\u2019ai eu l\u2019occasion de suivre un module de formation continue avec le metteur en sc\u00e8ne polonais Krystian Lupa, qui reste \u00e0 ce jour celui qui m\u2019a le plus profond\u00e9ment influenc\u00e9 dans ma pratique, en particulier celle que j\u2019exp\u00e9rimente dans les laboratoires de recherche, workshop ou ateliers que j\u2019ai dirig\u00e9 et que je poursuit aujourd\u2019hui dans le cadre de l\u2019ENSATT o\u00f9 je viens de rejoindre l\u2019\u00e9quipe p\u00e9dagogique en tant que co-responsable du d\u00e9partement Jeu.<\/p><p>Cette pratique s\u2019appuie sur le travail intime qui lie l\u2019acteur ou l\u2019actrice \u00e0 son personnage, v\u00e9hicule de l\u2019acteur pour entrer et traverser une \u0153uvre th\u00e9\u00e2trale. Comment initie-t-on ce travail tr\u00e8s personnel qui va donner corps et \u00e2me \u00e0 un personnage dans une \u0153uvre aux th\u00e9matiques universelles\u00a0? Lupa a invent\u00e9 \u00ab\u00a0le monologue int\u00e9rieur\u00a0\u00bb comme outil de ce travail qui nourri l\u2019imaginaire et stimule des motifs personnels pour partir dans l\u2019exercice de l\u2019improvisation dans un premier temps et <em>danser avec le personnage<\/em> \u00e0 travers la pi\u00e8ce. Les com\u00e9diens et com\u00e9diennes, vont alors entrer dans une introspection intime qui m\u00eale les lignes de la vie du personnage et les leurs, c\u2019est de ce maillage que va na\u00eetre la composition singuli\u00e8re du personnage cr\u00e9\u00e9e par l\u2019interpr\u00e8te. Il serait trop compliqu\u00e9 d\u2019entrer ici dans les d\u00e9tails de ce processus, d\u2019autant que c\u2019est un travail exp\u00e9rimental qui requiert pr\u00e9cis\u00e9ment de se mettre en jeu, avec la prise de risque que cela implique au plateau, pour que les v\u00e9rit\u00e9s se rencontrent et r\u00e9inventent les contours narratifs qui vont cr\u00e9er la fiction authentique du personnage.<\/p><p>\u00a0<\/p>\t\t\t\t\t\t\t\t<\/div>\n\t\t\t\t<\/div>\n\t\t\t\t\t<\/div>\n\t\t<\/div>\n\t\t\t\t<div class=\"elementor-column elementor-col-50 elementor-top-column elementor-element elementor-element-c9101bd\" data-id=\"c9101bd\" data-element_type=\"column\" data-e-type=\"column\">\n\t\t\t<div class=\"elementor-widget-wrap elementor-element-populated\">\n\t\t\t\t\t\t<div class=\"elementor-element elementor-element-fcd21c7 elementor-widget elementor-widget-text-editor\" data-id=\"fcd21c7\" data-element_type=\"widget\" data-e-type=\"widget\" data-widget_type=\"text-editor.default\">\n\t\t\t\t<div class=\"elementor-widget-container\">\n\t\t\t\t\t\t\t\t\t<p><b>2023\/2024<\/b>: ENSATT Lyon.<br><b>2022<\/b>:&nbsp; Conservatoire du Kremlin-Bic\u00eatre (Conservatoires du Grand-Orly Seine Bi\u00e8vre) &#8211; <br>Performance#Portraits au TQI \u2013 CDN val de Marne<\/p>\n<p><strong>2020<\/strong> : Les Teintureries Lausanne &#8211; Etude#Tchekhov Platonov Promotion 2022&nbsp;&nbsp;&nbsp;&nbsp;<\/p>\n<p><strong>2018<\/strong> : Les Teintureries Lausanne \u2013 Persona#Lupa\/Bergman Promotion 2019<\/p>\n<p><strong>2012\/2013<\/strong> : Option Th\u00e9\u00e2tre Lyc\u00e9e Jean Zay Orl\u00e9ans, \u00ab&nbsp;Hotel Confidence&nbsp;\u00bb, d\u2019apr\u00e8s Botho Strauss, CDN d\u2019Orl\u00e9ans Loiret Centre<\/p>\n<p><strong>2011\/2012&nbsp;<\/strong> : Option Th\u00e9\u00e2tre Lyc\u00e9e Jean Zay Orl\u00e9ans \u00ab&nbsp;Avant\/Apr\u00e8s\u00bb, de Roland Schimmelpfennig, CDN d\u2019Orl\u00e9ans Loiret Centre<\/p>\n<p><strong>Mai 2012<\/strong> : Ecole sup\u00e9rieure d\u2019Art et de Design d\u2019Orl\u00e9ans \u00ab&nbsp;M\u00e9moires et objets&nbsp;\u00bb, semaine des ateliers de mai<\/p>\n<p><strong>Juin 2011<\/strong> : Conservatoire d\u2019art dramatique d\u2019Orl\u00e9ans \u00ab&nbsp;Kontakthof&nbsp;inspiration \u00bb, atelier 2<sup>\u00e8me<\/sup>&nbsp;ann\u00e9e<\/p>\n<p><strong>Avril 2011<\/strong> : Ecole Sup\u00e9rieure d\u2019Art et de Design d\u2018Orl\u00e9ans \u00ab&nbsp;Espaces de parole&nbsp;\u00bb, atelier d\u2019\u00e9l\u00e8ves de 2<sup>\u00e8me<\/sup>&nbsp;ann\u00e9e<\/p>\n<p><strong>2008-2011<\/strong>:&nbsp; Ecole Florent Paris<\/p>\t\t\t\t\t\t\t\t<\/div>\n\t\t\t\t<\/div>\n\t\t\t\t\t<\/div>\n\t\t<\/div>\n\t\t\t\t\t<\/div>\n\t\t<\/section>\n\t\t\t\t<\/div>\n\t\t","protected":false},"excerpt":{"rendered":"<p>Workshops \u00a0 Tout au long de ma pratique j\u2019ai \u00e9t\u00e9 sollicit\u00e9e pour diriger des ateliers de formations th\u00e9\u00e2trales aupr\u00e8s de lyc\u00e9en.nes, d\u2019\u00e9tudiants en \u00e9cole d\u2019art, dans des Conservatoires ou des \u00e9coles sup\u00e9rieures de formation d\u2019art dramatique (Les Teintureries \u00e0 Lausanne, l\u2019Ensatt \u00e0 Lyon). J\u2019ai moi m\u00eame \u00e9t\u00e9 form\u00e9e au CNSAD (1993-96) ou j\u2019ai rencontr\u00e9 \u00ab\u00a0mes&hellip;&nbsp;<a href=\"https:\/\/parcelle112.com\/?page_id=1150\" class=\"\" rel=\"bookmark\">Lire la suite &raquo;<span class=\"screen-reader-text\">Workshops<\/span><\/a><\/p>\n","protected":false},"author":1,"featured_media":0,"parent":0,"menu_order":0,"comment_status":"closed","ping_status":"closed","template":"page-templates\/template-pagebuilder-full-width.php","meta":{"neve_meta_sidebar":"","neve_meta_container":"","neve_meta_enable_content_width":"","neve_meta_content_width":0,"neve_meta_title_alignment":"","neve_meta_author_avatar":"","neve_post_elements_order":"","neve_meta_disable_header":"","neve_meta_disable_footer":"","neve_meta_disable_title":"","footnotes":""},"class_list":["post-1150","page","type-page","status-publish","hentry"],"_links":{"self":[{"href":"https:\/\/parcelle112.com\/index.php?rest_route=\/wp\/v2\/pages\/1150","targetHints":{"allow":["GET"]}}],"collection":[{"href":"https:\/\/parcelle112.com\/index.php?rest_route=\/wp\/v2\/pages"}],"about":[{"href":"https:\/\/parcelle112.com\/index.php?rest_route=\/wp\/v2\/types\/page"}],"author":[{"embeddable":true,"href":"https:\/\/parcelle112.com\/index.php?rest_route=\/wp\/v2\/users\/1"}],"replies":[{"embeddable":true,"href":"https:\/\/parcelle112.com\/index.php?rest_route=%2Fwp%2Fv2%2Fcomments&post=1150"}],"version-history":[{"count":35,"href":"https:\/\/parcelle112.com\/index.php?rest_route=\/wp\/v2\/pages\/1150\/revisions"}],"predecessor-version":[{"id":2801,"href":"https:\/\/parcelle112.com\/index.php?rest_route=\/wp\/v2\/pages\/1150\/revisions\/2801"}],"wp:attachment":[{"href":"https:\/\/parcelle112.com\/index.php?rest_route=%2Fwp%2Fv2%2Fmedia&parent=1150"}],"curies":[{"name":"wp","href":"https:\/\/api.w.org\/{rel}","templated":true}]}}