{"id":1151,"date":"2023-04-29T14:30:00","date_gmt":"2023-04-29T12:30:00","guid":{"rendered":"http:\/\/parcelle112.com\/?page_id=1151"},"modified":"2023-11-28T16:59:26","modified_gmt":"2023-11-28T15:59:26","slug":"la-passe-1","status":"publish","type":"page","link":"https:\/\/parcelle112.com\/?page_id=1151","title":{"rendered":"La Passe # 1"},"content":{"rendered":"\t\t<div data-elementor-type=\"wp-page\" data-elementor-id=\"1151\" class=\"elementor elementor-1151\">\n\t\t\t\t\t\t<section class=\"elementor-section elementor-top-section elementor-element elementor-element-d834485 elementor-section-boxed elementor-section-height-default elementor-section-height-default\" data-id=\"d834485\" data-element_type=\"section\" data-e-type=\"section\">\n\t\t\t\t\t\t<div class=\"elementor-container elementor-column-gap-default\">\n\t\t\t\t\t<div class=\"elementor-column elementor-col-100 elementor-top-column elementor-element elementor-element-be0a24d\" data-id=\"be0a24d\" data-element_type=\"column\" data-e-type=\"column\">\n\t\t\t<div class=\"elementor-widget-wrap elementor-element-populated\">\n\t\t\t\t\t\t<div class=\"elementor-element elementor-element-cfd7900 elementor-widget elementor-widget-text-editor\" data-id=\"cfd7900\" data-element_type=\"widget\" data-e-type=\"widget\" data-widget_type=\"text-editor.default\">\n\t\t\t\t<div class=\"elementor-widget-container\">\n\t\t\t\t\t\t\t\t\t<p>La Passe # 1 (Les Cabines)<\/p>\t\t\t\t\t\t\t\t<\/div>\n\t\t\t\t<\/div>\n\t\t\t\t\t<\/div>\n\t\t<\/div>\n\t\t\t\t\t<\/div>\n\t\t<\/section>\n\t\t\t\t<section class=\"elementor-section elementor-top-section elementor-element elementor-element-931bf82 elementor-section-boxed elementor-section-height-default elementor-section-height-default\" data-id=\"931bf82\" data-element_type=\"section\" data-e-type=\"section\">\n\t\t\t\t\t\t<div class=\"elementor-container elementor-column-gap-default\">\n\t\t\t\t\t<div class=\"elementor-column elementor-col-100 elementor-top-column elementor-element elementor-element-26e8b49\" data-id=\"26e8b49\" data-element_type=\"column\" data-e-type=\"column\">\n\t\t\t<div class=\"elementor-widget-wrap elementor-element-populated\">\n\t\t\t\t\t\t<div class=\"elementor-element elementor-element-dc38aec elementor-widget elementor-widget-text-editor\" data-id=\"dc38aec\" data-element_type=\"widget\" data-e-type=\"widget\" data-widget_type=\"text-editor.default\">\n\t\t\t\t<div class=\"elementor-widget-container\">\n\t\t\t\t\t\t\t\t\t<div><\/div>\t\t\t\t\t\t\t\t<\/div>\n\t\t\t\t<\/div>\n\t\t\t\t\t<\/div>\n\t\t<\/div>\n\t\t\t\t\t<\/div>\n\t\t<\/section>\n\t\t\t\t<section class=\"elementor-section elementor-top-section elementor-element elementor-element-69d2d96 elementor-section-boxed elementor-section-height-default elementor-section-height-default\" data-id=\"69d2d96\" data-element_type=\"section\" data-e-type=\"section\">\n\t\t\t\t\t\t<div class=\"elementor-container elementor-column-gap-default\">\n\t\t\t\t\t<div class=\"elementor-column elementor-col-50 elementor-top-column elementor-element elementor-element-e0fb680\" data-id=\"e0fb680\" data-element_type=\"column\" data-e-type=\"column\">\n\t\t\t<div class=\"elementor-widget-wrap elementor-element-populated\">\n\t\t\t\t\t\t<div class=\"elementor-element elementor-element-ade39aa elementor-widget elementor-widget-text-editor\" data-id=\"ade39aa\" data-element_type=\"widget\" data-e-type=\"widget\" data-widget_type=\"text-editor.default\">\n\t\t\t\t<div class=\"elementor-widget-container\">\n\t\t\t\t\t\t\t\t\t<p>LA PASSE s\u2019articule en deux gestes\u00a0: une installation et un spectacle. Une premi\u00e8re \u00e9tape donne forme et acc\u00e8s \u00e0 la mati\u00e8re premi\u00e8re du projet, sous la forme d\u2019un montage sonore des divers t\u00e9moignages et r\u00e9cits r\u00e9colt\u00e9s tout au long des r\u00e9sidences de recherche qui ont pr\u00e9c\u00e9d\u00e9 la cr\u00e9ation du spectacle et diffus\u00e9 dans une installation constitu\u00e9e de deux cabines t\u00e9l\u00e9phonique dans lesquelles le public peut s\u2019installer pour \u00e9couter <em>la bande son\u00a0<\/em>: une source est ambiante, l\u2019autre audible par le combin\u00e9 t\u00e9l\u00e9phonique. Les deux formes voyagent ensembles, les Cabines install\u00e9es dans le hall du th\u00e9\u00e2tre et le spectacle dans la salle.<br \/><em style=\"background-color: var(--nv-site-bg); letter-spacing: var(--bodyletterspacing); text-transform: var(--bodytexttransform);\">\u00ab J\u2019\u00e9tais pas une fille chaude. <\/em><em>Qu\u2019est-ce qui fait que j\u2019y suis all\u00e9e dans la prostitution, <\/em><em>c\u2019est une question que je me suis pos\u00e9e des dizaine et des dizaine de fois \u00bb.<\/em> &#8211; Catherine T.<br \/><br \/><\/p><p><b>\/\/ Descriptif<\/b><\/p><p>Deux anciennes cabines t\u00e9l\u00e9phoniques postales jumelles reli\u00e9es entre elles par une vitre sans teint, invite un par un le public \u00e0 prendre place \u00e0 l\u2019int\u00e9rieur. L\u2019une d\u2019elle est consacr\u00e9e aux paroles de femmes, l\u2019autre \u00e0 celles des hommes. C\u2019est le principe du <em>peepshow<\/em>, on passe de regard\u00e9 \u00e0 regardant selon qu\u2019on occupe l\u2019une ou l\u2019autre place. \u00a0Chaque cabine peut accueillir une personne \u00e0 la fois, le temps de visite est limit\u00e9 \u00e0 \u00ab\u00a0dix minutes\u00a0\u00bb, le temps traditionnel d\u2019une passe. On ne peut entendre l\u2019int\u00e9gralit\u00e9 des t\u00e9moignages qu\u2019en renouvelant la visite, ou se contenter de ce qu\u2019on a entendu, vu, \u00e9prouv\u00e9. Il est possible de laisser un t\u00e9moignage anonyme dans une bo\u00eete \u00e0 messages avant de quitter les lieux.<br \/><br \/><\/p><p><strong>LA PASSE#1<\/strong> est un objet destin\u00e9 \u00e0 \u00e9voluer avec le temps. Il accompagnera le spectacle du m\u00eame nom dont la cr\u00e9ation est pr\u00e9vue \u00e0 l\u2019automne 2019. L\u2019installation pourra se visiter avant ou apr\u00e8s le spectacle, c\u2019est une fen\u00eatre de sensation qui passe par un autre langage que celui du th\u00e9\u00e2tre tout en \u00e9tant reli\u00e9 \u00e0 lui. Les deux modules fonctionnent en relation et mettent diff\u00e9rents champs de perceptions en r\u00e9sonance. L\u2019installation fonctionne donc comme objet de dialogue avec la pi\u00e8ce. J\u2019imagine que les spectateurs et spectatrices, regarderont et \u00e9couteront ce qui se passe sur sc\u00e8ne comme \u00ab\u00a0d\u00e9plac\u00e9s\u00a0\u00bb de l\u2019int\u00e9rieur par les sensations qu\u2019ils auront v\u00e9cues durant leur immersion dans les cabines. Que le public choisisse de s\u2019immerger dans l\u2019installation avant ou apr\u00e8s le spectacle, sa perception sera contamin\u00e9e par son exp\u00e9rience de visiteur.<\/p>\t\t\t\t\t\t\t\t<\/div>\n\t\t\t\t<\/div>\n\t\t\t\t\t<\/div>\n\t\t<\/div>\n\t\t\t\t<div class=\"elementor-column elementor-col-50 elementor-top-column elementor-element elementor-element-3174127\" data-id=\"3174127\" data-element_type=\"column\" data-e-type=\"column\">\n\t\t\t<div class=\"elementor-widget-wrap elementor-element-populated\">\n\t\t\t\t\t\t<div class=\"elementor-element elementor-element-68838fe elementor-widget elementor-widget-text-editor\" data-id=\"68838fe\" data-element_type=\"widget\" data-e-type=\"widget\" data-widget_type=\"text-editor.default\">\n\t\t\t\t<div class=\"elementor-widget-container\">\n\t\t\t\t\t\t\t\t\t<p><strong>\/\/Historique<\/strong><\/p><p>Pour parler de &#8211; La Passe#1 \/ Cabines -, il faut retracer bri\u00e8vement l\u2019historique de la cr\u00e9ation du spectacle La Passe. En 2016 je d\u00e9marre un projet d\u2019\u00e9criture th\u00e9\u00e2trale sur les traces de Gris\u00e9lidis R\u00e9al, prostitu\u00e9e et \u00e9crivaine suisse, je m\u2019int\u00e9resse particuli\u00e8rement \u00e0 un de ses derniers \u00e9crits (Les Sphinx, Verticales, 2006). Je propose \u00e0 Laurence Mayor qui est com\u00e9dienne, une premi\u00e8re r\u00e9sidence de recherche o\u00f9 nous entrela\u00e7ons l\u2019\u00e9criture de R\u00e9al aux r\u00e9cits personnels de Laurence qui dessinent une cartographie de la condition prostitu\u00e9e de la femme et de l\u2019actrice. Parall\u00e8lement, je pars \u00e0 la rencontre d\u2019autres actrices, de travailleuses du sexe traditionnelles et de clients, dont j\u2019enregistre les t\u00e9moignages. Puis sur le montage de coproduction du spectacle, je d\u00e9cide avec le soutien du TNB de cr\u00e9er en 2018 une premi\u00e8re \u00e9tape de cr\u00e9ation sous la forme d\u2019une installation qui sera pr\u00e9sent\u00e9e dans le hall du th\u00e9\u00e2tre, lieu de passage public, lors du Festival du TNB en 2018. Le spectacle sera pr\u00e9sent\u00e9 \u00e0 l\u2019\u00e9dition du Festival l\u2019ann\u00e9e suivante, en 2019.<\/p><p><em>\u00ab\u00a0Je suis revenue durant des mois voire des ann\u00e9es sur ces enregistrements notamment pour les retranscrire. Toutes ces voix, toutes ces vies, toutes ces personnes qui m\u2019ont parl\u00e9, qui m\u2019ont donn\u00e9 leurs t\u00e9moignages intimes, j\u2019ai toujours senti que je leur devais d\u2019en faire quelque chose, que je leur devais de les donner \u00e0 entendre. Et je sais que ces voix font \u00e9cho \u00e0 ma propre histoire dans ses recoins effac\u00e9s, quelque chose qui a \u00e0 voir avec cette part en nous pr\u00eate \u00e0 se vendre, ce \u00ab\u00a0deal\u00a0\u00bb irrationnel enracin\u00e9 dans nos inconscients qui se battent et s\u2019accordent avec le sentiment de notre valeur et la n\u00e9cessit\u00e9 de notre survie.\u00a0\u00bb<\/em> &#8211; Vanessa Larr\u00e9<br \/><br \/><\/p><p><strong>LA PASSE#1<\/strong> est un t\u00e9moin, une installation qui invite le public \u00e0 s\u2019immerger dans l\u2019\u00e9coute d\u2019autres vies que les n\u00f4tres qui font \u00e9chos \u00e0 un sentiment de familiarit\u00e9 collective.<\/p><p>Le corps, le regard et l\u2019intime sont les sujets au c\u0153ur de la pi\u00e8ce qui d\u00e9plie une conversation en traits d\u2019union entre deux, puis trois femmes qui sont \u00e0 la crois\u00e9e de chemins qui vont initier pour chacune une m\u00e9tamorphose profonde. Ne plus se soumettre \u00e0 ce qui blesse, \u00e0 la tyrannie de la peur, de l\u2019argent, de la domination masculine, accepter d\u2019\u00eatre autonome, de vieillir,\u2026 entamer un nouveau chapitre de sa vie. La trame documentaire \u00e9crit le projet et sculpte au fur et \u00e0 mesure un langage th\u00e9\u00e2tral qui va traduire ces rencontres en y m\u00ealant les histoires qui m\u2019ont \u00e9t\u00e9 confi\u00e9es et toutes celles que je porte en moi. Ainsi la fable s\u2019invente avec des \u00e9clats de r\u00e9cits de natures multiples qui, comme des petits cailloux sur le chemin, nous ram\u00e8nent \u00e0 nos histoires int\u00e9rieures.<\/p><p>Sans doute mon travail est une tentative de r\u00e9paration par l\u2019observation et la mise en sc\u00e8ne d\u2019un f\u00e9minin ab\u00eem\u00e9 et de son \u00e9cho dans notre culture.<\/p>\t\t\t\t\t\t\t\t<\/div>\n\t\t\t\t<\/div>\n\t\t\t\t\t<\/div>\n\t\t<\/div>\n\t\t\t\t\t<\/div>\n\t\t<\/section>\n\t\t\t\t<\/div>\n\t\t","protected":false},"excerpt":{"rendered":"<p>La Passe # 1 (Les Cabines) LA PASSE s\u2019articule en deux gestes\u00a0: une installation et un spectacle. Une premi\u00e8re \u00e9tape donne forme et acc\u00e8s \u00e0 la mati\u00e8re premi\u00e8re du projet, sous la forme d\u2019un montage sonore des divers t\u00e9moignages et r\u00e9cits r\u00e9colt\u00e9s tout au long des r\u00e9sidences de recherche qui ont pr\u00e9c\u00e9d\u00e9 la cr\u00e9ation du&hellip;&nbsp;<a href=\"https:\/\/parcelle112.com\/?page_id=1151\" class=\"\" rel=\"bookmark\">Lire la suite &raquo;<span class=\"screen-reader-text\">La Passe # 1<\/span><\/a><\/p>\n","protected":false},"author":1,"featured_media":0,"parent":0,"menu_order":0,"comment_status":"closed","ping_status":"closed","template":"","meta":{"neve_meta_sidebar":"","neve_meta_container":"","neve_meta_enable_content_width":"","neve_meta_content_width":0,"neve_meta_title_alignment":"","neve_meta_author_avatar":"","neve_post_elements_order":"","neve_meta_disable_header":"","neve_meta_disable_footer":"","neve_meta_disable_title":"","footnotes":""},"class_list":["post-1151","page","type-page","status-publish","hentry"],"_links":{"self":[{"href":"https:\/\/parcelle112.com\/index.php?rest_route=\/wp\/v2\/pages\/1151","targetHints":{"allow":["GET"]}}],"collection":[{"href":"https:\/\/parcelle112.com\/index.php?rest_route=\/wp\/v2\/pages"}],"about":[{"href":"https:\/\/parcelle112.com\/index.php?rest_route=\/wp\/v2\/types\/page"}],"author":[{"embeddable":true,"href":"https:\/\/parcelle112.com\/index.php?rest_route=\/wp\/v2\/users\/1"}],"replies":[{"embeddable":true,"href":"https:\/\/parcelle112.com\/index.php?rest_route=%2Fwp%2Fv2%2Fcomments&post=1151"}],"version-history":[{"count":19,"href":"https:\/\/parcelle112.com\/index.php?rest_route=\/wp\/v2\/pages\/1151\/revisions"}],"predecessor-version":[{"id":2578,"href":"https:\/\/parcelle112.com\/index.php?rest_route=\/wp\/v2\/pages\/1151\/revisions\/2578"}],"wp:attachment":[{"href":"https:\/\/parcelle112.com\/index.php?rest_route=%2Fwp%2Fv2%2Fmedia&parent=1151"}],"curies":[{"name":"wp","href":"https:\/\/api.w.org\/{rel}","templated":true}]}}