{"id":1154,"date":"2023-04-29T14:30:00","date_gmt":"2023-04-29T12:30:00","guid":{"rendered":"http:\/\/parcelle112.com\/?page_id=1154"},"modified":"2026-03-05T19:08:43","modified_gmt":"2026-03-05T18:08:43","slug":"actualites","status":"publish","type":"page","link":"https:\/\/parcelle112.com\/?page_id=1154","title":{"rendered":"ACTUALITES"},"content":{"rendered":"\t\t<div data-elementor-type=\"wp-page\" data-elementor-id=\"1154\" class=\"elementor elementor-1154\">\n\t\t\t\t\t\t<section class=\"elementor-section elementor-top-section elementor-element elementor-element-2f4903e elementor-section-boxed elementor-section-height-default elementor-section-height-default\" data-id=\"2f4903e\" data-element_type=\"section\" data-e-type=\"section\">\n\t\t\t\t\t\t<div class=\"elementor-container elementor-column-gap-default\">\n\t\t\t\t\t<div class=\"elementor-column elementor-col-100 elementor-top-column elementor-element elementor-element-25d75e7\" data-id=\"25d75e7\" data-element_type=\"column\" data-e-type=\"column\">\n\t\t\t<div class=\"elementor-widget-wrap elementor-element-populated\">\n\t\t\t\t\t\t<div class=\"elementor-element elementor-element-a507798 elementor-widget-divider--separator-type-pattern elementor-widget-divider--view-line elementor-widget elementor-widget-divider\" data-id=\"a507798\" data-element_type=\"widget\" data-e-type=\"widget\" data-widget_type=\"divider.default\">\n\t\t\t\t<div class=\"elementor-widget-container\">\n\t\t\t\t\t\t\t<div class=\"elementor-divider\" style=\"--divider-pattern-url: url(&quot;data:image\/svg+xml,%3Csvg xmlns=&#039;http:\/\/www.w3.org\/2000\/svg&#039; preserveAspectRatio=&#039;none&#039; overflow=&#039;visible&#039; height=&#039;100%&#039; viewBox=&#039;0 0 24 24&#039; fill=&#039;none&#039; stroke=&#039;black&#039; stroke-width=&#039;1&#039; stroke-linecap=&#039;square&#039; stroke-miterlimit=&#039;10&#039;%3E%3Cpath d=&#039;M0,6c6,0,0.9,11.1,6.9,11.1S18,6,24,6&#039;\/%3E%3C\/svg%3E&quot;);\">\n\t\t\t<span class=\"elementor-divider-separator\">\n\t\t\t\t\t\t<\/span>\n\t\t<\/div>\n\t\t\t\t\t\t<\/div>\n\t\t\t\t<\/div>\n\t\t\t\t<div class=\"elementor-element elementor-element-62158ec elementor-widget elementor-widget-heading\" data-id=\"62158ec\" data-element_type=\"widget\" data-e-type=\"widget\" data-widget_type=\"heading.default\">\n\t\t\t\t<div class=\"elementor-widget-container\">\n\t\t\t\t\t<h2 class=\"elementor-heading-title elementor-size-default\"><a href=\"http:\/\/S\">Sublime(s)                                                                       \n<\/a><\/h2>\t\t\t\t<\/div>\n\t\t\t\t<\/div>\n\t\t\t\t\t<\/div>\n\t\t<\/div>\n\t\t\t\t\t<\/div>\n\t\t<\/section>\n\t\t\t\t<section class=\"elementor-section elementor-top-section elementor-element elementor-element-ddd1b3a elementor-section-boxed elementor-section-height-default elementor-section-height-default\" data-id=\"ddd1b3a\" data-element_type=\"section\" data-e-type=\"section\">\n\t\t\t\t\t\t<div class=\"elementor-container elementor-column-gap-default\">\n\t\t\t\t\t<div class=\"elementor-column elementor-col-100 elementor-top-column elementor-element elementor-element-677cd89\" data-id=\"677cd89\" data-element_type=\"column\" data-e-type=\"column\">\n\t\t\t<div class=\"elementor-widget-wrap elementor-element-populated\">\n\t\t\t\t\t\t<div class=\"elementor-element elementor-element-2a819ca elementor-widget__width-initial elementor-widget elementor-widget-image\" data-id=\"2a819ca\" data-element_type=\"widget\" data-e-type=\"widget\" data-widget_type=\"image.default\">\n\t\t\t\t<div class=\"elementor-widget-container\">\n\t\t\t\t\t\t\t\t\t\t\t\t\t\t\t<img fetchpriority=\"high\" decoding=\"async\" width=\"331\" height=\"306\" src=\"https:\/\/parcelle112.com\/wp-content\/uploads\/2026\/03\/Capture-decran-2026-03-05-a-18.59.54-1.png\" class=\"attachment-medium_large size-medium_large wp-image-2968\" alt=\"\" srcset=\"https:\/\/parcelle112.com\/wp-content\/uploads\/2026\/03\/Capture-decran-2026-03-05-a-18.59.54-1.png 331w, https:\/\/parcelle112.com\/wp-content\/uploads\/2026\/03\/Capture-decran-2026-03-05-a-18.59.54-1-300x277.png 300w\" sizes=\"(max-width: 331px) 100vw, 331px\" \/>\t\t\t\t\t\t\t\t\t\t\t\t\t\t\t<\/div>\n\t\t\t\t<\/div>\n\t\t\t\t\t<\/div>\n\t\t<\/div>\n\t\t\t\t\t<\/div>\n\t\t<\/section>\n\t\t\t\t<section class=\"elementor-section elementor-top-section elementor-element elementor-element-a7acf20 elementor-section-boxed elementor-section-height-default elementor-section-height-default\" data-id=\"a7acf20\" data-element_type=\"section\" data-e-type=\"section\">\n\t\t\t\t\t\t<div class=\"elementor-container elementor-column-gap-default\">\n\t\t\t\t\t<div class=\"elementor-column elementor-col-100 elementor-top-column elementor-element elementor-element-4d47249\" data-id=\"4d47249\" data-element_type=\"column\" data-e-type=\"column\">\n\t\t\t<div class=\"elementor-widget-wrap elementor-element-populated\">\n\t\t\t\t\t\t<div class=\"elementor-element elementor-element-7a68578 elementor-widget elementor-widget-image\" data-id=\"7a68578\" data-element_type=\"widget\" data-e-type=\"widget\" data-widget_type=\"image.default\">\n\t\t\t\t<div class=\"elementor-widget-container\">\n\t\t\t\t\t\t\t\t\t\t\t\t\t\t\t<img decoding=\"async\" width=\"660\" height=\"718\" src=\"https:\/\/parcelle112.com\/wp-content\/uploads\/2022\/12\/ellecheveu.png\" class=\"attachment-large size-large wp-image-1067\" alt=\"\" srcset=\"https:\/\/parcelle112.com\/wp-content\/uploads\/2022\/12\/ellecheveu.png 660w, https:\/\/parcelle112.com\/wp-content\/uploads\/2022\/12\/ellecheveu-276x300.png 276w\" sizes=\"(max-width: 660px) 100vw, 660px\" \/>\t\t\t\t\t\t\t\t\t\t\t\t\t\t\t<\/div>\n\t\t\t\t<\/div>\n\t\t\t\t\t<\/div>\n\t\t<\/div>\n\t\t\t\t\t<\/div>\n\t\t<\/section>\n\t\t\t\t<section class=\"elementor-section elementor-top-section elementor-element elementor-element-09c1aa3 elementor-section-boxed elementor-section-height-default elementor-section-height-default\" data-id=\"09c1aa3\" data-element_type=\"section\" data-e-type=\"section\">\n\t\t\t\t\t\t<div class=\"elementor-container elementor-column-gap-default\">\n\t\t\t\t\t<div class=\"elementor-column elementor-col-100 elementor-top-column elementor-element elementor-element-a415613\" data-id=\"a415613\" data-element_type=\"column\" data-e-type=\"column\">\n\t\t\t<div class=\"elementor-widget-wrap elementor-element-populated\">\n\t\t\t\t\t\t<div class=\"elementor-element elementor-element-e4700a8 elementor-widget elementor-widget-text-editor\" data-id=\"e4700a8\" data-element_type=\"widget\" data-e-type=\"widget\" data-widget_type=\"text-editor.default\">\n\t\t\t\t<div class=\"elementor-widget-container\">\n\t\t\t\t\t\t\t\t\t<p>\u00a0<\/p><div><span style=\"font-size: x-large;\"><strong>CR\u00c9ATION<\/strong><br \/>Sublime(s)<\/span><\/div><div>Th\u00e9\u00e2tre des C\u00e9lestins &#8211; Th\u00e9\u00e2tre de Lyon <br \/><strong>du 21 au 30\/04\/2026<\/strong><\/div><div>\u00a0<\/div><div>C\u00e9lestine<\/div><div><p class=\"MsoNormal\" style=\"margin: 0cm; font-size: medium; font-family: Aptos, sans-serif; line-height: 18.4px;\"><span style=\"font-size: 11pt; line-height: 16.866667px; font-family: 'Avenir Next', sans-serif;\">Dur\u00e9e 1h40 (envisag\u00e9e)<u><\/u><u><\/u><\/span><\/p><p class=\"MsoNormal\" style=\"margin: 0cm; font-size: medium; font-family: Aptos, sans-serif; line-height: 18.4px;\"><span style=\"font-size: 11pt; line-height: 16.866667px; font-family: 'Avenir Next', sans-serif;\">\u00a0<\/span><\/p><p class=\"MsoNormal\" style=\"margin: 0cm; font-size: medium; font-family: Aptos, sans-serif; line-height: 18.4px;\"><span style=\"font-size: 11pt; line-height: 16.866667px; font-family: 'Avenir Next', sans-serif;\"><strong>Dates<\/strong><u><\/u><u><\/u><\/span><\/p><p class=\"MsoNormal\" style=\"margin: 0cm; font-size: medium; font-family: Aptos, sans-serif; line-height: 18.4px;\"><span style=\"font-size: 11pt; line-height: 16.866667px; font-family: 'Avenir Next', sans-serif;\">mar. 21 avr. 20h<u><\/u><u><\/u><\/span><\/p><p class=\"MsoNormal\" style=\"margin: 0cm; font-size: medium; font-family: Aptos, sans-serif; line-height: 18.4px;\"><span style=\"font-size: 11pt; line-height: 16.866667px; font-family: 'Avenir Next', sans-serif;\">mer. 22 avr. 19h30<u><\/u><u><\/u><\/span><\/p><p class=\"MsoNormal\" style=\"margin: 0cm; font-size: medium; font-family: Aptos, sans-serif; line-height: 18.4px;\"><span style=\"font-size: 11pt; line-height: 16.866667px; font-family: 'Avenir Next', sans-serif;\">jeu. 23 avr. 20h<u><\/u><u><\/u><\/span><\/p><p class=\"MsoNormal\" style=\"margin: 0cm; font-size: medium; font-family: Aptos, sans-serif; line-height: 18.4px;\"><span style=\"font-size: 11pt; line-height: 16.866667px; font-family: 'Avenir Next', sans-serif;\">ven. 24 avr. 19h30<u><\/u><u><\/u><\/span><\/p><p class=\"MsoNormal\" style=\"margin: 0cm; font-size: medium; font-family: Aptos, sans-serif; line-height: 18.4px;\"><span style=\"font-size: 11pt; line-height: 16.866667px; font-family: 'Avenir Next', sans-serif;\">sam. 25 avr.19h30<u><\/u><u><\/u><\/span><\/p><p class=\"MsoNormal\" style=\"margin: 0cm; font-size: medium; font-family: Aptos, sans-serif; line-height: 18.4px;\"><span style=\"font-size: 11pt; line-height: 16.866667px; font-family: 'Avenir Next', sans-serif;\">lun. 27 avr. 19h30<u><\/u><u><\/u><\/span><\/p><p class=\"MsoNormal\" style=\"margin: 0cm; font-size: medium; font-family: Aptos, sans-serif; line-height: 18.4px;\"><span style=\"font-size: 11pt; line-height: 16.866667px; font-family: 'Avenir Next', sans-serif;\">mar. 28 avr. 20h<u><\/u><u><\/u><\/span><\/p><p class=\"MsoNormal\" style=\"margin: 0cm; font-size: medium; font-family: Aptos, sans-serif; line-height: 18.4px;\"><span style=\"font-size: 11pt; line-height: 16.866667px; font-family: 'Avenir Next', sans-serif;\">mer. 29 avr.19h30 (bord de sc\u00e8ne)<u><\/u><u><\/u><\/span><\/p><p class=\"MsoNormal\" style=\"margin: 0cm; font-size: medium; font-family: Aptos, sans-serif; line-height: 18.4px;\"><span style=\"font-size: 11pt; line-height: 16.866667px; font-family: 'Avenir Next', sans-serif;\">jeu. 30 avr. 20h<u><\/u><u><\/u><\/span><\/p><p class=\"MsoNormal\" style=\"margin: 0cm; font-size: medium; font-family: Aptos, sans-serif; line-height: 18.4px;\"><span style=\"font-size: 11pt; line-height: 16.866667px; font-family: 'Avenir Next', sans-serif;\">\u00a0<\/span><\/p><\/div><div><p class=\"MsoNormal\" style=\"margin: 0cm; font-size: medium; font-family: Aptos, sans-serif; line-height: 18.4px;\"><span style=\"font-size: 11pt; line-height: 16.866667px; font-family: 'Avenir Next', sans-serif;\">\u00a0<\/span><\/p><p class=\"MsoNormal\" style=\"margin: 0cm; font-size: medium; font-family: Aptos, sans-serif; line-height: 18.4px;\"><span style=\"font-size: 11pt; line-height: 16.866667px; font-family: 'Avenir Next', sans-serif;\"><strong>TOURN\u00c9E<\/strong><u><\/u><\/span><\/p><p class=\"MsoNormal\" style=\"margin: 0cm; font-size: medium; font-family: Aptos, sans-serif; line-height: 18.4px;\"><span style=\"font-size: 11pt; line-height: 16.866667px; font-family: 'Avenir Next', sans-serif;\"><strong>12 et 13 janvier 2027<\/strong> <br \/>Malraux \u2013 Sc\u00e8ne nationale Chamb\u00e9ry<\/span><span style=\"font-size: 11pt; line-height: 16.866667px; font-family: 'Cambria Math', serif;\">\u2011<\/span><span style=\"font-size: 11pt; line-height: 16.866667px; font-family: 'Avenir Next', sans-serif;\">Savoie<\/span><\/p><p class=\"MsoNormal\" style=\"margin: 0cm; font-size: medium; font-family: Aptos, sans-serif; line-height: 18.4px;\"><span style=\"font-size: 11pt; line-height: 16.866667px; font-family: 'Avenir Next', sans-serif;\"><strong>4 et 5 f\u00e9vrier 2027<\/strong> <br \/>Bois de L\u2019Aune Th\u00e9\u00e2tre \u2013 Aix-en-Provence<\/span><\/p><p class=\"MsoNormal\" style=\"margin: 0cm; font-size: medium; font-family: Aptos, sans-serif; line-height: 18.4px;\"><span style=\"font-size: 11pt; line-height: 16.866667px; font-family: 'Avenir Next', sans-serif;\"><strong>Mars 2027<\/strong> <br \/>Th\u00e9\u00e2tre des Quartiers d\u2019Ivry \u2013 CDN du Val<\/span><span style=\"font-size: 11pt; line-height: 16.866667px; font-family: 'Cambria Math', serif;\">\u2011<\/span><span style=\"font-size: 11pt; line-height: 16.866667px; font-family: 'Avenir Next', sans-serif;\">de<\/span><span style=\"font-size: 11pt; line-height: 16.866667px; font-family: 'Cambria Math', serif;\">\u2011<\/span><span style=\"font-size: 11pt; line-height: 16.866667px; font-family: 'Avenir Next', sans-serif;\">Marne<\/span><u><\/u><u><\/u><\/p><p class=\"MsoNormal\" style=\"margin: 0cm; font-size: medium; font-family: Aptos, sans-serif; line-height: 18.4px;\"><span style=\"font-size: 11pt; line-height: 16.866667px; font-family: 'Avenir Next', sans-serif;\">(En cours)&#8230;<\/span><\/p><p class=\"MsoNormal\" style=\"margin: 0cm; font-size: medium; font-family: Aptos, sans-serif; line-height: 18.4px;\"><span style=\"font-size: 11pt; line-height: 16.866667px; font-family: 'Avenir Next', sans-serif; color: #fc5837;\">\u00a0<\/span><\/p><\/div><div class=\"mt-4\"><strong>RESERVER<\/strong><\/div><div><a href=\"https:\/\/billetterie.theatredescelestins.com\/event\/516881-sublime-s\">https:\/\/billetterie.theatredescelestins.com\/event\/516881-sublime-s<\/a><\/div><div>\u00a0<\/div>\t\t\t\t\t\t\t\t<\/div>\n\t\t\t\t<\/div>\n\t\t\t\t\t<\/div>\n\t\t<\/div>\n\t\t\t\t\t<\/div>\n\t\t<\/section>\n\t\t\t\t<section class=\"elementor-section elementor-top-section elementor-element elementor-element-10d4c52 elementor-section-boxed elementor-section-height-default elementor-section-height-default\" data-id=\"10d4c52\" data-element_type=\"section\" data-e-type=\"section\">\n\t\t\t\t\t\t<div class=\"elementor-container elementor-column-gap-default\">\n\t\t\t\t\t<div class=\"elementor-column elementor-col-100 elementor-top-column elementor-element elementor-element-c02bf06\" data-id=\"c02bf06\" data-element_type=\"column\" data-e-type=\"column\">\n\t\t\t<div class=\"elementor-widget-wrap elementor-element-populated\">\n\t\t\t\t\t\t<div class=\"elementor-element elementor-element-a6c51b1 elementor-widget-divider--separator-type-pattern elementor-widget-divider--view-line elementor-widget elementor-widget-divider\" data-id=\"a6c51b1\" data-element_type=\"widget\" data-e-type=\"widget\" data-widget_type=\"divider.default\">\n\t\t\t\t<div class=\"elementor-widget-container\">\n\t\t\t\t\t\t\t<div class=\"elementor-divider\" style=\"--divider-pattern-url: url(&quot;data:image\/svg+xml,%3Csvg xmlns=&#039;http:\/\/www.w3.org\/2000\/svg&#039; preserveAspectRatio=&#039;none&#039; overflow=&#039;visible&#039; height=&#039;100%&#039; viewBox=&#039;0 0 24 24&#039; fill=&#039;none&#039; stroke=&#039;black&#039; stroke-width=&#039;1&#039; stroke-linecap=&#039;square&#039; stroke-miterlimit=&#039;10&#039;%3E%3Cpath d=&#039;M0,6c6,0,0.9,11.1,6.9,11.1S18,6,24,6&#039;\/%3E%3C\/svg%3E&quot;);\">\n\t\t\t<span class=\"elementor-divider-separator\">\n\t\t\t\t\t\t<\/span>\n\t\t<\/div>\n\t\t\t\t\t\t<\/div>\n\t\t\t\t<\/div>\n\t\t\t\t\t<\/div>\n\t\t<\/div>\n\t\t\t\t\t<\/div>\n\t\t<\/section>\n\t\t\t\t<\/div>\n\t\t","protected":false},"excerpt":{"rendered":"<p>Sublime(s) \u00a0 CR\u00c9ATIONSublime(s)Th\u00e9\u00e2tre des C\u00e9lestins &#8211; Th\u00e9\u00e2tre de Lyon du 21 au 30\/04\/2026\u00a0C\u00e9lestine Dur\u00e9e 1h40 (envisag\u00e9e) \u00a0 Dates mar. 21 avr. 20h mer. 22 avr. 19h30 jeu. 23 avr. 20h ven. 24 avr. 19h30 sam. 25 avr.19h30 lun. 27 avr. 19h30 mar. 28 avr. 20h mer. 29 avr.19h30 (bord de sc\u00e8ne) jeu. 30 avr. 20h&hellip;&nbsp;<a href=\"https:\/\/parcelle112.com\/?page_id=1154\" class=\"\" rel=\"bookmark\">Lire la suite &raquo;<span class=\"screen-reader-text\">ACTUALITES<\/span><\/a><\/p>\n","protected":false},"author":1,"featured_media":0,"parent":0,"menu_order":0,"comment_status":"closed","ping_status":"closed","template":"page-templates\/template-pagebuilder-full-width.php","meta":{"neve_meta_sidebar":"","neve_meta_container":"","neve_meta_enable_content_width":"","neve_meta_content_width":0,"neve_meta_title_alignment":"","neve_meta_author_avatar":"","neve_post_elements_order":"","neve_meta_disable_header":"","neve_meta_disable_footer":"","neve_meta_disable_title":"","footnotes":""},"class_list":["post-1154","page","type-page","status-publish","hentry"],"_links":{"self":[{"href":"https:\/\/parcelle112.com\/index.php?rest_route=\/wp\/v2\/pages\/1154","targetHints":{"allow":["GET"]}}],"collection":[{"href":"https:\/\/parcelle112.com\/index.php?rest_route=\/wp\/v2\/pages"}],"about":[{"href":"https:\/\/parcelle112.com\/index.php?rest_route=\/wp\/v2\/types\/page"}],"author":[{"embeddable":true,"href":"https:\/\/parcelle112.com\/index.php?rest_route=\/wp\/v2\/users\/1"}],"replies":[{"embeddable":true,"href":"https:\/\/parcelle112.com\/index.php?rest_route=%2Fwp%2Fv2%2Fcomments&post=1154"}],"version-history":[{"count":209,"href":"https:\/\/parcelle112.com\/index.php?rest_route=\/wp\/v2\/pages\/1154\/revisions"}],"predecessor-version":[{"id":2971,"href":"https:\/\/parcelle112.com\/index.php?rest_route=\/wp\/v2\/pages\/1154\/revisions\/2971"}],"wp:attachment":[{"href":"https:\/\/parcelle112.com\/index.php?rest_route=%2Fwp%2Fv2%2Fmedia&parent=1154"}],"curies":[{"name":"wp","href":"https:\/\/api.w.org\/{rel}","templated":true}]}}