{"id":437,"date":"2022-12-08T21:31:35","date_gmt":"2022-12-08T20:31:35","guid":{"rendered":"http:\/\/parcelle112.com\/?page_id=437"},"modified":"2024-03-27T18:31:28","modified_gmt":"2024-03-27T17:31:28","slug":"la-passe","status":"publish","type":"page","link":"https:\/\/parcelle112.com\/?page_id=437","title":{"rendered":"La Passe"},"content":{"rendered":"\t\t<div data-elementor-type=\"wp-page\" data-elementor-id=\"437\" class=\"elementor elementor-437\">\n\t\t\t\t\t\t<section class=\"elementor-section elementor-top-section elementor-element elementor-element-35f652c elementor-section-boxed elementor-section-height-default elementor-section-height-default\" data-id=\"35f652c\" data-element_type=\"section\" data-e-type=\"section\">\n\t\t\t\t\t\t<div class=\"elementor-container elementor-column-gap-default\">\n\t\t\t\t\t<div class=\"elementor-column elementor-col-100 elementor-top-column elementor-element elementor-element-7bfaedd\" data-id=\"7bfaedd\" data-element_type=\"column\" data-e-type=\"column\">\n\t\t\t<div class=\"elementor-widget-wrap elementor-element-populated\">\n\t\t\t\t\t\t<div class=\"elementor-element elementor-element-33ca424 elementor-widget elementor-widget-heading\" data-id=\"33ca424\" data-element_type=\"widget\" data-e-type=\"widget\" data-widget_type=\"heading.default\">\n\t\t\t\t<div class=\"elementor-widget-container\">\n\t\t\t\t\t<h2 class=\"elementor-heading-title elementor-size-default\">La Passe<\/h2>\t\t\t\t<\/div>\n\t\t\t\t<\/div>\n\t\t\t\t\t<\/div>\n\t\t<\/div>\n\t\t\t\t\t<\/div>\n\t\t<\/section>\n\t\t\t\t<section class=\"elementor-section elementor-top-section elementor-element elementor-element-b0cc10e elementor-section-boxed elementor-section-height-default elementor-section-height-default\" data-id=\"b0cc10e\" data-element_type=\"section\" data-e-type=\"section\">\n\t\t\t\t\t\t<div class=\"elementor-container elementor-column-gap-default\">\n\t\t\t\t\t<div class=\"elementor-column elementor-col-100 elementor-top-column elementor-element elementor-element-0167e5f\" data-id=\"0167e5f\" data-element_type=\"column\" data-e-type=\"column\">\n\t\t\t<div class=\"elementor-widget-wrap elementor-element-populated\">\n\t\t\t\t\t\t<div class=\"elementor-element elementor-element-89e5821 elementor-widget elementor-widget-text-editor\" data-id=\"89e5821\" data-element_type=\"widget\" data-e-type=\"widget\" data-widget_type=\"text-editor.default\">\n\t\t\t\t<div class=\"elementor-widget-container\">\n\t\t\t\t\t\t\t\t\t<p><\/p>\t\t\t\t\t\t\t\t<\/div>\n\t\t\t\t<\/div>\n\t\t\t\t\t<\/div>\n\t\t<\/div>\n\t\t\t\t\t<\/div>\n\t\t<\/section>\n\t\t\t\t<section class=\"elementor-section elementor-top-section elementor-element elementor-element-bf6be77 elementor-section-boxed elementor-section-height-default elementor-section-height-default\" data-id=\"bf6be77\" data-element_type=\"section\" data-e-type=\"section\">\n\t\t\t\t\t\t<div class=\"elementor-container elementor-column-gap-no\">\n\t\t\t\t\t<div class=\"elementor-column elementor-col-100 elementor-top-column elementor-element elementor-element-14f1bcb\" data-id=\"14f1bcb\" data-element_type=\"column\" data-e-type=\"column\">\n\t\t\t<div class=\"elementor-widget-wrap elementor-element-populated\">\n\t\t\t\t\t\t<div class=\"elementor-element elementor-element-47e2f6a elementor-widget elementor-widget-text-editor\" data-id=\"47e2f6a\" data-element_type=\"widget\" data-e-type=\"widget\" data-widget_type=\"text-editor.default\">\n\t\t\t\t<div class=\"elementor-widget-container\">\n\t\t\t\t\t\t\t\t\t<p><span style=\"color: rgb(77, 81, 86); font-family: arial, sans-serif; font-size: 14px; background-color: var(--nv-site-bg); letter-spacing: var(--bodyletterspacing); text-transform: var(--bodytexttransform);\">\u00a9<\/span>&nbsp;Martin Verdet<\/p>\n<p><\/p>\t\t\t\t\t\t\t\t<\/div>\n\t\t\t\t<\/div>\n\t\t\t\t\t<\/div>\n\t\t<\/div>\n\t\t\t\t\t<\/div>\n\t\t<\/section>\n\t\t\t\t<section class=\"elementor-section elementor-top-section elementor-element elementor-element-265dc1a elementor-section-boxed elementor-section-height-default elementor-section-height-default\" data-id=\"265dc1a\" data-element_type=\"section\" data-e-type=\"section\">\n\t\t\t\t\t\t<div class=\"elementor-container elementor-column-gap-default\">\n\t\t\t\t\t<div class=\"elementor-column elementor-col-50 elementor-top-column elementor-element elementor-element-5e78260\" data-id=\"5e78260\" data-element_type=\"column\" data-e-type=\"column\">\n\t\t\t<div class=\"elementor-widget-wrap elementor-element-populated\">\n\t\t\t\t\t\t<div class=\"elementor-element elementor-element-bbdb5a1 elementor-widget elementor-widget-text-editor\" data-id=\"bbdb5a1\" data-element_type=\"widget\" data-e-type=\"widget\" data-widget_type=\"text-editor.default\">\n\t\t\t\t<div class=\"elementor-widget-container\">\n\t\t\t\t\t\t\t\t\t<p><span style=\"color: #0c0c0c; font-family: Abel, sans-serif; font-size: 17px;\">Sur sc\u00e8ne, trois femmes &#8211; deux com\u00e9diennes et une prostitu\u00e9e \u2013 t\u00e9moignent de leurs exp\u00e9riences. A travers leurs r\u00e9cits intimes se dessinent les portraits transgressifs de femmes dont le m\u00e9tier les a amen\u00e9es \u00e0 s\u2019exposer dans l\u2019espace public. On entre dans cette pi\u00e8ce par la petite porte du th\u00e9\u00e2tre, un couloir derri\u00e8re la sc\u00e8ne donne acc\u00e8s aux coulisses, l\u00e0 dans cet espace d\u2019ordinaire cach\u00e9 au public, les interpr\u00e8tes, casques sur les oreilles, lisent des textes qui sont diffus\u00e9s simultan\u00e9ment dans la salle de l\u2019autre c\u00f4t\u00e9 de la cloison de leur loge. Puis les spectateurs et spectatrices s\u2019installent dans la salle o\u00f9 les voix des com\u00e9diennes se m\u00ealent aux images nocturnes projet\u00e9es sur trois \u00e9crans qui sont aussi l\u2019\u00e9crin des chambres miniatures de chaque personnage et de leur portrait. Les m\u00e9moires personnelles se m\u00ealent aux fables sacr\u00e9es confrontant nos imaginaires aux mythes collectifs et aux paroles bien r\u00e9elles des interpr\u00e8tes jouant leur propre r\u00f4le.<\/span><\/p><p><span style=\"color: #0c0c0c; font-family: Abel, sans-serif; font-size: 17px;\"><br><\/span><\/p>\t\t\t\t\t\t\t\t<\/div>\n\t\t\t\t<\/div>\n\t\t\t\t\t<\/div>\n\t\t<\/div>\n\t\t\t\t<div class=\"elementor-column elementor-col-50 elementor-top-column elementor-element elementor-element-1e98f92\" data-id=\"1e98f92\" data-element_type=\"column\" data-e-type=\"column\">\n\t\t\t<div class=\"elementor-widget-wrap elementor-element-populated\">\n\t\t\t\t\t\t<div class=\"elementor-element elementor-element-e14c77d elementor-widget elementor-widget-text-editor\" data-id=\"e14c77d\" data-element_type=\"widget\" data-e-type=\"widget\" data-widget_type=\"text-editor.default\">\n\t\t\t\t<div class=\"elementor-widget-container\">\n\t\t\t\t\t\t\t\t\t<p style=\"color: #696565; font-family: Abel, sans-serif; word-spacing: 1px;\">Texte et mise en sc\u00e8ne Vanessa Larr\u00e9, \u00e0 partir des r\u00e9cits de Camille Dagen, Laurence Mayor, Cl\u00e9a <span style=\"font-weight: var( --e-global-typography-text-font-weight ); background-color: var(--nv-site-bg); font-size: var(--bodyfontsize); letter-spacing: var(--bodyletterspacing); text-transform: var(--bodytexttransform);\">Laiz\u00e9 et Catherine T. Avec Cl\u00e9a Laiz\u00e9 (Camille Dagen \u00e0 la cr\u00e9ation), Laurence Mayor et Catherine T.<\/span><\/p><p style=\"color: #696565; font-family: Abel, sans-serif; word-spacing: 1px;\">Conseil \u00e0 la dramaturgie Val\u00e9rie Bert, sc\u00e9nographie (et vid\u00e9o \u00e0 la cr\u00e9ation) Marion Lachaise, vid\u00e9o\u00a0<span style=\"font-weight: var( --e-global-typography-text-font-weight ); background-color: var(--nv-site-bg); font-size: var(--bodyfontsize); letter-spacing: var(--bodyletterspacing); text-transform: var(--bodytexttransform);\">Martin Verdet, lumi\u00e8re Julien Chatenet, son Nicolas Jorio, costumes Ariane Viallet, r\u00e9gie g\u00e9n\u00e9rale\u00a0<\/span><span style=\"font-weight: var( --e-global-typography-text-font-weight ); background-color: var(--nv-site-bg); font-size: var(--bodyfontsize); letter-spacing: var(--bodyletterspacing); text-transform: var(--bodytexttransform);\">Camille Urvoy, d\u00e9veloppement des projets et production Dant\u00e8s Pigeard<\/span><\/p><p style=\"color: #696565; font-family: Abel, sans-serif; word-spacing: 1px;\"><span style=\"font-weight: var( --e-global-typography-text-font-weight ); background-color: var(--nv-site-bg); font-size: var(--bodyfontsize); letter-spacing: var(--bodyletterspacing); text-transform: var(--bodytexttransform);\">\u00a0<\/span><\/p><p style=\"color: #696565; font-family: Abel, sans-serif; word-spacing: 1px;\"><span style=\"color: #7a7a7a; word-spacing: 0px;\">Production d\u00e9l\u00e9gu\u00e9e Parcelle 112 &#8211; coproduction Th\u00e9\u00e2tre national de Bretagne, Bonlieu sc\u00e8ne national Annecy, r\u00e9sidence de cr\u00e9ation Le Grand Parquet &#8211; Th\u00e9\u00e2tre Paris-Villette, soutien Artcena, Centquatre-Paris, CDN d&rsquo;Orl\u00e9ans, La M\u00e9nagerie de verre, Th\u00e9\u00e2tre Ouvert, La Chartreuse-CNES Villeneuve-l\u00e8s-Avignon, Les films de la Nuit, le fonds de dotation POROSUS et les Amis du Bus des Femmes.\u2013 Aide \u00e0 la cr\u00e9ation ARCENA, DRAC IDF, Fond POROSUS<\/span><\/p>\t\t\t\t\t\t\t\t<\/div>\n\t\t\t\t<\/div>\n\t\t\t\t\t<\/div>\n\t\t<\/div>\n\t\t\t\t\t<\/div>\n\t\t<\/section>\n\t\t\t\t<\/div>\n\t\t","protected":false},"excerpt":{"rendered":"<p>La Passe \u00a9&nbsp;Martin Verdet Sur sc\u00e8ne, trois femmes &#8211; deux com\u00e9diennes et une prostitu\u00e9e \u2013 t\u00e9moignent de leurs exp\u00e9riences. A travers leurs r\u00e9cits intimes se dessinent les portraits transgressifs de femmes dont le m\u00e9tier les a amen\u00e9es \u00e0 s\u2019exposer dans l\u2019espace public. On entre dans cette pi\u00e8ce par la petite porte du th\u00e9\u00e2tre, un couloir&hellip;&nbsp;<a href=\"https:\/\/parcelle112.com\/?page_id=437\" class=\"\" rel=\"bookmark\">Lire la suite &raquo;<span class=\"screen-reader-text\">La Passe<\/span><\/a><\/p>\n","protected":false},"author":1,"featured_media":0,"parent":0,"menu_order":0,"comment_status":"closed","ping_status":"closed","template":"","meta":{"neve_meta_sidebar":"","neve_meta_container":"","neve_meta_enable_content_width":"","neve_meta_content_width":0,"neve_meta_title_alignment":"","neve_meta_author_avatar":"","neve_post_elements_order":"","neve_meta_disable_header":"","neve_meta_disable_footer":"","neve_meta_disable_title":"","footnotes":""},"class_list":["post-437","page","type-page","status-publish","hentry"],"_links":{"self":[{"href":"https:\/\/parcelle112.com\/index.php?rest_route=\/wp\/v2\/pages\/437","targetHints":{"allow":["GET"]}}],"collection":[{"href":"https:\/\/parcelle112.com\/index.php?rest_route=\/wp\/v2\/pages"}],"about":[{"href":"https:\/\/parcelle112.com\/index.php?rest_route=\/wp\/v2\/types\/page"}],"author":[{"embeddable":true,"href":"https:\/\/parcelle112.com\/index.php?rest_route=\/wp\/v2\/users\/1"}],"replies":[{"embeddable":true,"href":"https:\/\/parcelle112.com\/index.php?rest_route=%2Fwp%2Fv2%2Fcomments&post=437"}],"version-history":[{"count":127,"href":"https:\/\/parcelle112.com\/index.php?rest_route=\/wp\/v2\/pages\/437\/revisions"}],"predecessor-version":[{"id":2749,"href":"https:\/\/parcelle112.com\/index.php?rest_route=\/wp\/v2\/pages\/437\/revisions\/2749"}],"wp:attachment":[{"href":"https:\/\/parcelle112.com\/index.php?rest_route=%2Fwp%2Fv2%2Fmedia&parent=437"}],"curies":[{"name":"wp","href":"https:\/\/api.w.org\/{rel}","templated":true}]}}