{"id":438,"date":"2022-12-08T21:31:35","date_gmt":"2022-12-08T20:31:35","guid":{"rendered":"http:\/\/parcelle112.com\/?page_id=438"},"modified":"2024-03-27T18:32:28","modified_gmt":"2024-03-27T17:32:28","slug":"king-kong-theorie","status":"publish","type":"page","link":"https:\/\/parcelle112.com\/?page_id=438","title":{"rendered":"King Kong Th\u00e9orie"},"content":{"rendered":"\t\t<div data-elementor-type=\"wp-page\" data-elementor-id=\"438\" class=\"elementor elementor-438\">\n\t\t\t\t\t\t<section class=\"elementor-section elementor-top-section elementor-element elementor-element-29b6fd1 elementor-section-boxed elementor-section-height-default elementor-section-height-default\" data-id=\"29b6fd1\" data-element_type=\"section\" data-e-type=\"section\">\n\t\t\t\t\t\t<div class=\"elementor-container elementor-column-gap-default\">\n\t\t\t\t\t<div class=\"elementor-column elementor-col-100 elementor-top-column elementor-element elementor-element-03d8d40\" data-id=\"03d8d40\" data-element_type=\"column\" data-e-type=\"column\">\n\t\t\t<div class=\"elementor-widget-wrap elementor-element-populated\">\n\t\t\t\t\t\t<div class=\"elementor-element elementor-element-a631bc9 elementor-widget elementor-widget-heading\" data-id=\"a631bc9\" data-element_type=\"widget\" data-e-type=\"widget\" data-widget_type=\"heading.default\">\n\t\t\t\t<div class=\"elementor-widget-container\">\n\t\t\t\t\t<h2 class=\"elementor-heading-title elementor-size-default\">King Kong Th\u00e9orie<\/h2>\t\t\t\t<\/div>\n\t\t\t\t<\/div>\n\t\t\t\t\t<\/div>\n\t\t<\/div>\n\t\t\t\t\t<\/div>\n\t\t<\/section>\n\t\t\t\t<section class=\"elementor-section elementor-top-section elementor-element elementor-element-121d360 elementor-section-boxed elementor-section-height-default elementor-section-height-default\" data-id=\"121d360\" data-element_type=\"section\" data-e-type=\"section\">\n\t\t\t\t\t\t<div class=\"elementor-container elementor-column-gap-default\">\n\t\t\t\t\t<div class=\"elementor-column elementor-col-100 elementor-top-column elementor-element elementor-element-d232692\" data-id=\"d232692\" data-element_type=\"column\" data-e-type=\"column\">\n\t\t\t<div class=\"elementor-widget-wrap elementor-element-populated\">\n\t\t\t\t\t\t<div class=\"elementor-element elementor-element-44d4098 elementor-widget elementor-widget-text-editor\" data-id=\"44d4098\" data-element_type=\"widget\" data-e-type=\"widget\" data-widget_type=\"text-editor.default\">\n\t\t\t\t<div class=\"elementor-widget-container\">\n\t\t\t\t\t\t\t\t\t<div>\u00a0\u00a0<\/div>\t\t\t\t\t\t\t\t<\/div>\n\t\t\t\t<\/div>\n\t\t\t\t\t<\/div>\n\t\t<\/div>\n\t\t\t\t\t<\/div>\n\t\t<\/section>\n\t\t\t\t<section class=\"elementor-section elementor-top-section elementor-element elementor-element-55ef1c3 elementor-section-boxed elementor-section-height-default elementor-section-height-default\" data-id=\"55ef1c3\" data-element_type=\"section\" data-e-type=\"section\">\n\t\t\t\t\t\t<div class=\"elementor-container elementor-column-gap-no\">\n\t\t\t\t\t<div class=\"elementor-column elementor-col-100 elementor-top-column elementor-element elementor-element-80dfb7e\" data-id=\"80dfb7e\" data-element_type=\"column\" data-e-type=\"column\">\n\t\t\t<div class=\"elementor-widget-wrap elementor-element-populated\">\n\t\t\t\t\t\t<div class=\"elementor-element elementor-element-80e0138 elementor-widget elementor-widget-text-editor\" data-id=\"80e0138\" data-element_type=\"widget\" data-e-type=\"widget\" data-widget_type=\"text-editor.default\">\n\t\t\t\t<div class=\"elementor-widget-container\">\n\t\t\t\t\t\t\t\t\t<p>\u00a0\u00a0<span style=\"color: #4d5156; font-family: arial, sans-serif; font-size: 14px;\">\u00a9\u00a0<\/span>Stanley Woodward<\/p><p>\u00a0<\/p>\t\t\t\t\t\t\t\t<\/div>\n\t\t\t\t<\/div>\n\t\t\t\t<div class=\"elementor-element elementor-element-57fb47c elementor-widget-mobile__width-initial elementor-widget elementor-widget-text-editor\" data-id=\"57fb47c\" data-element_type=\"widget\" data-e-type=\"widget\" data-widget_type=\"text-editor.default\">\n\t\t\t\t<div class=\"elementor-widget-container\">\n\t\t\t\t\t\t\t\t\t<p>\u00a0 \u00a0\u00a0<a href=\"https:\/\/theatresilviamonfort.eu\/events\/king-kong-theorie\/\" target=\"_blank\" rel=\"noopener\">Re-cr\u00e9ation du 4 au 15 juin 2024, Th\u00e9\u00e2tre Sylvia Monfort\u00a0<\/a><\/p>\t\t\t\t\t\t\t\t<\/div>\n\t\t\t\t<\/div>\n\t\t\t\t\t<\/div>\n\t\t<\/div>\n\t\t\t\t\t<\/div>\n\t\t<\/section>\n\t\t\t\t<section class=\"elementor-section elementor-top-section elementor-element elementor-element-cb8b1f2 elementor-section-boxed elementor-section-height-default elementor-section-height-default\" data-id=\"cb8b1f2\" data-element_type=\"section\" data-e-type=\"section\">\n\t\t\t\t\t\t<div class=\"elementor-container elementor-column-gap-default\">\n\t\t\t\t\t<div class=\"elementor-column elementor-col-50 elementor-top-column elementor-element elementor-element-4a232be\" data-id=\"4a232be\" data-element_type=\"column\" data-e-type=\"column\">\n\t\t\t<div class=\"elementor-widget-wrap elementor-element-populated\">\n\t\t\t\t\t\t<div class=\"elementor-element elementor-element-6e18a0e elementor-widget elementor-widget-text-editor\" data-id=\"6e18a0e\" data-element_type=\"widget\" data-e-type=\"widget\" data-widget_type=\"text-editor.default\">\n\t\t\t\t<div class=\"elementor-widget-container\">\n\t\t\t\t\t\t\t\t\t<p><span style=\"color: #000000; font-family: Abel, sans-serif; font-size: 17px;\">King Kong th\u00e9orie, essai estampill\u00e9 nouveau manifeste f\u00e9ministe de Virginie Despentes, repose sur la biographie de son autrice. A 16 ans, Virginie Despentes et une amie font du stop et sont viol\u00e9es par trois hommes sous la menace d&rsquo;une carabine. Apr\u00e8s un temps de sid\u00e9ration, l\u2019autrice r\u00e9alise qu\u2019au-del\u00e0 du traumatisme personnel le viol est syst\u00e9mique, inscrit par la violence dans la culture patriarcale qui encourage les hommes \u00e0 se servir sur le corps des femmes, une culture allant jusqu\u2019\u00e0 \u00e9tablir dans nos inconscients un pacte \u00e9rotique autour des figures de bourreau et de victime. Despentes va alors s\u2019atteler avec m\u00e9thode et l\u2019aide de quelques penseuses f\u00e9ministes \u00e0 d\u00e9monter cette injonction victimaire pour faire exploser les carcans et souffler un vent de r\u00e9bellion salutaire : \u00ab si \u00e7a t\u2019arrive, dust your self et remets-toi debout \u00bb (Camille Paglia), sort dans la rue, prend la tangente, tout plut\u00f4t que rester chez papa, maman \u00e0 faire ta manucure !&nbsp;<br><\/span><br style=\"color: #000000; font-family: Abel, sans-serif; font-size: 17px;\"><span style=\"color: #000000; font-family: Abel, sans-serif; font-size: 17px;\">C&rsquo;est pr\u00e9cis\u00e9ment ce que le texte initial s&rsquo;est donn\u00e9 pour mission de faire en d\u00e9non\u00e7ant point par point les chapitres de l&rsquo;\u00e9difice patriarcal \u00e0 commencer par son syst\u00e8me de hi\u00e9rarchies des sexes.&nbsp;<\/span><br style=\"color: #000000; font-family: Abel, sans-serif; font-size: 17px;\"><span style=\"color: #000000; font-family: Abel, sans-serif; font-size: 17px;\">Le spectacle met en sc\u00e8ne trois femmes qui apparaissent comme trois entit\u00e9s du personnage Despentes. La parole se d\u00e9ploie alors en un dialogue qui d\u00e9crypte une pens\u00e9e \u00e0 plusieurs prenant le public \u00e0 partie. La pi\u00e8ce traverse les chapitres majeurs du texte que sont, le viol, la prostitution et la pornographie pour aboutir sur la myst\u00e9rieuse Skull Island du film mythique de King Kong*, o\u00f9 r\u00e8gne une b\u00eate surpuissante ni m\u00e2le ni femelle, symbole d&rsquo;une vision queer d\u00e9passant le clivage et la question du genre.<\/span><br style=\"color: #000000; font-family: Abel, sans-serif; font-size: 17px;\"><em style=\"color: #000000; font-family: Abel, sans-serif; font-size: 17px;\">* Merian C. Cooper et Ernest B. Schoedsack, 1933<\/em><\/p><p><em style=\"color: #000000; font-family: Abel, sans-serif; font-size: 17px;\"><br><\/em><\/p>\t\t\t\t\t\t\t\t<\/div>\n\t\t\t\t<\/div>\n\t\t\t\t\t<\/div>\n\t\t<\/div>\n\t\t\t\t<div class=\"elementor-column elementor-col-50 elementor-top-column elementor-element elementor-element-75fcbe0\" data-id=\"75fcbe0\" data-element_type=\"column\" data-e-type=\"column\">\n\t\t\t<div class=\"elementor-widget-wrap elementor-element-populated\">\n\t\t\t\t\t\t<div class=\"elementor-element elementor-element-029bc75 elementor-widget elementor-widget-text-editor\" data-id=\"029bc75\" data-element_type=\"widget\" data-e-type=\"widget\" data-widget_type=\"text-editor.default\">\n\t\t\t\t<div class=\"elementor-widget-container\">\n\t\t\t\t\t\t\t\t\t<p><span style=\"color: #696167; font-family: Abel, sans-serif; font-size: var(--bodyfontsize); font-weight: var( --e-global-typography-text-font-weight ); text-transform: var(--bodytexttransform); letter-spacing: 0.1px; background-color: var(--nv-site-bg);\">Cr\u00e9ation Th\u00e9\u00e2tre La P\u00e9pini\u00e8re octobre 2014, Avignon Le Petit Louvre 2015, TNP Villeurbanne mai 2016,<br>Th\u00e9\u00e2tre de l\u2019Atelier juin \u00e0 d\u00e9cembre 2018,<br>Reprise au Th\u00e9\u00e2tre Monfort 5 au 14 juin 2024<br>Texte de Virginie Despentes, a<\/span><span style=\"color: #696167; font-family: Abel, sans-serif; letter-spacing: 0.1px;\">daptation Val\u00e9rie de Dietrich et Vanessa Larr\u00e9<br><\/span><span style=\"color: #696167; font-family: Abel, sans-serif; letter-spacing: 0.1px;\">Mise en sc\u00e8ne Vanessa Larr\u00e9<br><\/span><span style=\"color: #696167; font-family: Abel, sans-serif; letter-spacing: 0.1px;\">Avec Anne Azoulay, Val\u00e9rie De Dietrich, Marie Denarnaud&nbsp;<\/span><span style=\"color: #696167; font-family: Abel, sans-serif; letter-spacing: 0.1px;\">(Barbara Schulz \u00e0 la cr\u00e9ation)<\/span><\/p>\n<p><span style=\"color: #696167; font-family: Abel, sans-serif; letter-spacing: 0.1px;\">Sc\u00e9nographie et lumi\u00e8re Lais Foulc (\u00e0 la cr\u00e9ation au Th\u00e9\u00e2tre de la P\u00e9pini\u00e8re Laurent Castaingt,<br>son et musique Stan Bruno Valette, vid\u00e9o&nbsp;<\/span><span style=\"color: #696167; font-family: Abel, sans-serif; background-color: var(--nv-site-bg); letter-spacing: 0.1px;\">Christian Archambau, Costumes Ariane Viallet<br><\/span><span style=\"color: #696167; font-family: Abel, sans-serif; letter-spacing: 0.1px;\"><br><\/span><span style=\"color: #696167; font-family: Abel, sans-serif; letter-spacing: 0.1px;\">Production Th\u00e9\u00e2tre La P\u00e9pini\u00e8re, Enfith\u00e9a, E.DH \u2013 prod d\u00e9l\u00e9gu\u00e9e juin 2024 Th\u00e9\u00e2tre Monfort.<br><\/span><\/p>\t\t\t\t\t\t\t\t<\/div>\n\t\t\t\t<\/div>\n\t\t\t\t\t<\/div>\n\t\t<\/div>\n\t\t\t\t\t<\/div>\n\t\t<\/section>\n\t\t\t\t<\/div>\n\t\t","protected":false},"excerpt":{"rendered":"<p>King Kong Th\u00e9orie \u00a0\u00a0 \u00a0\u00a0\u00a9\u00a0Stanley Woodward \u00a0 \u00a0 \u00a0\u00a0Re-cr\u00e9ation du 4 au 15 juin 2024, Th\u00e9\u00e2tre Sylvia Monfort\u00a0 King Kong th\u00e9orie, essai estampill\u00e9 nouveau manifeste f\u00e9ministe de Virginie Despentes, repose sur la biographie de son autrice. A 16 ans, Virginie Despentes et une amie font du stop et sont viol\u00e9es par trois hommes sous la&hellip;&nbsp;<a href=\"https:\/\/parcelle112.com\/?page_id=438\" class=\"\" rel=\"bookmark\">Lire la suite &raquo;<span class=\"screen-reader-text\">King Kong Th\u00e9orie<\/span><\/a><\/p>\n","protected":false},"author":1,"featured_media":0,"parent":0,"menu_order":0,"comment_status":"closed","ping_status":"closed","template":"elementor_header_footer","meta":{"neve_meta_sidebar":"","neve_meta_container":"","neve_meta_enable_content_width":"","neve_meta_content_width":0,"neve_meta_title_alignment":"","neve_meta_author_avatar":"","neve_post_elements_order":"","neve_meta_disable_header":"","neve_meta_disable_footer":"","neve_meta_disable_title":"","footnotes":""},"class_list":["post-438","page","type-page","status-publish","hentry"],"_links":{"self":[{"href":"https:\/\/parcelle112.com\/index.php?rest_route=\/wp\/v2\/pages\/438","targetHints":{"allow":["GET"]}}],"collection":[{"href":"https:\/\/parcelle112.com\/index.php?rest_route=\/wp\/v2\/pages"}],"about":[{"href":"https:\/\/parcelle112.com\/index.php?rest_route=\/wp\/v2\/types\/page"}],"author":[{"embeddable":true,"href":"https:\/\/parcelle112.com\/index.php?rest_route=\/wp\/v2\/users\/1"}],"replies":[{"embeddable":true,"href":"https:\/\/parcelle112.com\/index.php?rest_route=%2Fwp%2Fv2%2Fcomments&post=438"}],"version-history":[{"count":133,"href":"https:\/\/parcelle112.com\/index.php?rest_route=\/wp\/v2\/pages\/438\/revisions"}],"predecessor-version":[{"id":2752,"href":"https:\/\/parcelle112.com\/index.php?rest_route=\/wp\/v2\/pages\/438\/revisions\/2752"}],"wp:attachment":[{"href":"https:\/\/parcelle112.com\/index.php?rest_route=%2Fwp%2Fv2%2Fmedia&parent=438"}],"curies":[{"name":"wp","href":"https:\/\/api.w.org\/{rel}","templated":true}]}}