{"id":439,"date":"2022-12-08T21:31:35","date_gmt":"2022-12-08T20:31:35","guid":{"rendered":"http:\/\/parcelle112.com\/?page_id=439"},"modified":"2026-03-05T18:46:27","modified_gmt":"2026-03-05T17:46:27","slug":"sublimes","status":"publish","type":"page","link":"https:\/\/parcelle112.com\/?page_id=439","title":{"rendered":"Sublime(s)"},"content":{"rendered":"\t\t<div data-elementor-type=\"wp-page\" data-elementor-id=\"439\" class=\"elementor elementor-439\">\n\t\t\t\t\t\t<section class=\"elementor-section elementor-top-section elementor-element elementor-element-f8eb9de elementor-section-boxed elementor-section-height-default elementor-section-height-default\" data-id=\"f8eb9de\" data-element_type=\"section\" data-e-type=\"section\" data-settings=\"{&quot;background_background&quot;:&quot;classic&quot;}\">\n\t\t\t\t\t\t\t<div class=\"elementor-background-overlay\"><\/div>\n\t\t\t\t\t\t\t<div class=\"elementor-container elementor-column-gap-default\">\n\t\t\t\t\t<div class=\"elementor-column elementor-col-100 elementor-top-column elementor-element elementor-element-a6a3884\" data-id=\"a6a3884\" data-element_type=\"column\" data-e-type=\"column\">\n\t\t\t<div class=\"elementor-widget-wrap elementor-element-populated\">\n\t\t\t\t\t\t<div class=\"elementor-element elementor-element-c8523c6 elementor-widget elementor-widget-heading\" data-id=\"c8523c6\" data-element_type=\"widget\" data-e-type=\"widget\" data-widget_type=\"heading.default\">\n\t\t\t\t<div class=\"elementor-widget-container\">\n\t\t\t\t\t<h2 class=\"elementor-heading-title elementor-size-default\">Sublim(e)s<\/h2>\t\t\t\t<\/div>\n\t\t\t\t<\/div>\n\t\t\t\t\t<\/div>\n\t\t<\/div>\n\t\t\t\t\t<\/div>\n\t\t<\/section>\n\t\t\t\t<section class=\"elementor-section elementor-top-section elementor-element elementor-element-d044388 elementor-section-boxed elementor-section-height-default elementor-section-height-default\" data-id=\"d044388\" data-element_type=\"section\" data-e-type=\"section\">\n\t\t\t\t\t\t<div class=\"elementor-container elementor-column-gap-default\">\n\t\t\t\t\t<div class=\"elementor-column elementor-col-100 elementor-top-column elementor-element elementor-element-8848372\" data-id=\"8848372\" data-element_type=\"column\" data-e-type=\"column\">\n\t\t\t<div class=\"elementor-widget-wrap elementor-element-populated\">\n\t\t\t\t\t\t<div class=\"elementor-element elementor-element-bdb5ad5 elementor-widget-mobile__width-inherit elementor-widget elementor-widget-text-editor\" data-id=\"bdb5ad5\" data-element_type=\"widget\" data-e-type=\"widget\" data-widget_type=\"text-editor.default\">\n\t\t\t\t<div class=\"elementor-widget-container\">\n\t\t\t\t\t\t\t\t\t<div><\/div>\t\t\t\t\t\t\t\t<\/div>\n\t\t\t\t<\/div>\n\t\t\t\t\t<\/div>\n\t\t<\/div>\n\t\t\t\t\t<\/div>\n\t\t<\/section>\n\t\t\t\t<section class=\"elementor-section elementor-top-section elementor-element elementor-element-c0f84d7 elementor-section-boxed elementor-section-height-default elementor-section-height-default\" data-id=\"c0f84d7\" data-element_type=\"section\" data-e-type=\"section\">\n\t\t\t\t\t\t<div class=\"elementor-container elementor-column-gap-no\">\n\t\t\t\t\t<main class=\"elementor-column elementor-col-100 elementor-top-column elementor-element elementor-element-eb27270\" data-id=\"eb27270\" data-element_type=\"column\" data-e-type=\"column\">\n\t\t\t<div class=\"elementor-widget-wrap elementor-element-populated\">\n\t\t\t\t\t\t<div class=\"elementor-element elementor-element-d675ef5 elementor-widget elementor-widget-text-editor\" data-id=\"d675ef5\" data-element_type=\"widget\" data-e-type=\"widget\" data-widget_type=\"text-editor.default\">\n\t\t\t\t<div class=\"elementor-widget-container\">\n\t\t\t\t\t\t\t\t\t<p><span style=\"background-color: var(--nv-site-bg); letter-spacing: var(--bodyletterspacing); text-transform: var(--bodytexttransform); color: rgb(71, 71, 71); font-family: &quot;Google Sans&quot;, arial, sans-serif; font-size: 16px;\">&nbsp;<\/span><span style=\"color: rgb(77, 81, 86); font-family: arial, sans-serif; font-size: 14px; background-color: var(--nv-site-bg); letter-spacing: var(--bodyletterspacing); text-transform: var(--bodytexttransform);\">\u00a9&nbsp;<\/span><span style=\"background-color: var(--nv-site-bg); letter-spacing: var(--bodyletterspacing); text-transform: var(--bodytexttransform);\">Vanessa Larr\u00e9, Val\u00e9rie Bert.&nbsp;<\/span><\/p>\n<p><\/p>\t\t\t\t\t\t\t\t<\/div>\n\t\t\t\t<\/div>\n\t\t\t\t\t<\/div>\n\t\t<\/main>\n\t\t\t\t\t<\/div>\n\t\t<\/section>\n\t\t\t\t<section class=\"elementor-section elementor-top-section elementor-element elementor-element-ed2973d elementor-section-boxed elementor-section-height-default elementor-section-height-default\" data-id=\"ed2973d\" data-element_type=\"section\" data-e-type=\"section\">\n\t\t\t\t\t\t<div class=\"elementor-container elementor-column-gap-default\">\n\t\t\t\t\t<div class=\"elementor-column elementor-col-50 elementor-top-column elementor-element elementor-element-5841774\" data-id=\"5841774\" data-element_type=\"column\" data-e-type=\"column\">\n\t\t\t<div class=\"elementor-widget-wrap elementor-element-populated\">\n\t\t\t\t\t\t<div class=\"elementor-element elementor-element-77d399e elementor-widget elementor-widget-text-editor\" data-id=\"77d399e\" data-element_type=\"widget\" data-e-type=\"widget\" data-widget_type=\"text-editor.default\">\n\t\t\t\t<div class=\"elementor-widget-container\">\n\t\t\t\t\t\t\t\t\t<p style=\"font-weight: 400;\">C\u2019est durant un atelier th\u00e9\u00e2tre en maison d\u2019arr\u00eat pour femmes que la metteuse en sc\u00e8ne rencontre Jeanne L. Au fil des mois les deux femmes se lient d\u2019amiti\u00e9. De rencontres en confidences, un dialogue se tisse entre elles qui se poursuivra au\u2011del\u00e0 des murs de la prison apr\u00e8s la lib\u00e9ration de Jeanne. La pi\u00e8ce s\u2019\u00e9crit \u00e0 partir de ce t\u00e9moignage au fil d\u2019une enqu\u00eate intime qui va remonter le cours des \u00e9v\u00e9nements du drame qui a men\u00e9 \u00e0 la condamnation de Jeanne.\u00a0Entre histoire vraie et r\u00e9cit personnel, Vanessa Larr\u00e9 m\u00e8ne une enqu\u00eate sensible sur les \u00e9v\u00e8nements qui ont conduit une femme en prison apr\u00e8s la mort de son enfant.\u00a0<\/p><p>En 2017 apr\u00e8s avoir jou\u00e9 un spectacle en prison, j\u2019ai propos\u00e9 un atelier de pratique th\u00e9\u00e2trale pour des femmes en d\u00e9tention. Pendant une ann\u00e9e j\u2019ai enregistr\u00e9 les histoires de plusieurs d\u00e9tenues dans la petite salle de travail d\u00e9di\u00e9e \u00e0 notre atelier o\u00f9 nous nous retrouvions chaque semaine. Parmi elles il y avait Jeanne L. La Justice l\u2019avait condamn\u00e9e pour l\u2019homicide involontaire de son enfant, ce que j\u2019ignorais au moment de notre rencontre. L\u2019histoire de Jeanne n\u2019est pas un fait isol\u00e9, il y a des milliers de femmes et d\u2019enfants \u00e0 qui \u00e7a arrive, il n\u2019est pas rare que le p\u00e8re soit absent, qu\u2019il travaille trop ou qu\u2019il soit parti quand il a appris la grossesse, d\u2019autres fois il disparait plus tard sans laisser d\u2019adresse comme cela m\u2019est arriv\u00e9 avec mon p\u00e8re durant mon adolescence.<\/p><p>Quand je commence \u00e0 \u00e9crire les premi\u00e8res lignes de ce projet j\u2019avance chronologiquement : les portraits film\u00e9s, les discussions qui s\u2019en suivent : on parle de la vie, d\u2019amour, de nos familles. Puis l\u2019atelier s\u2019est achev\u00e9.\u00a0<\/p><p>Trois ans plus tard sont venues les premi\u00e8res lettres, suivies des visites au parloir. Elle me raconte son quotidien en prison, sa vie d\u2019avant aussi, sa famille, son p\u00e8re violent et sa m\u00e8re avec qui elle a coup\u00e9 les ponts, elle me parle de ses enfants qui ont \u00e9t\u00e9 plac\u00e9s suite \u00e0 sa condamnation. Le r\u00e9cit du drame elle le fera plus tard quand nous nous reverrons chez elle apr\u00e8s sa sortie de prison.<\/p><p>Des mois plus tard quand je me mettrai \u00e0 \u00e9crire cette histoire, des faits marquants de ma vie ont refait surface en lien avec la disparition volontaire de mon p\u00e8re et sa mort quelques ann\u00e9es plus tard sans qu\u2019aucun mot n\u2019ait \u00e9t\u00e9 pos\u00e9 sur l\u2019\u00e9v\u00e8nement, comme si sa fuite n\u2019avait jamais eu lieu. C\u2019est \u00e0 ces r\u00e9sonances que j\u2019ai voulu faire place dans l\u2019\u00e9criture, ou comment partant du r\u00e9el on tente par glissement de faire cohabiter plusieurs r\u00e9alit\u00e9s pour fabriquer une fiction. Ce travail part d\u2019une \u00e9criture personnelle, mais en d\u00e9veloppe une autre, celle du plateau avec les interpr\u00e8tes. La premi\u00e8re partition de ce texte rassemblait les r\u00e9cits retranscrits des t\u00e9moins de l\u2019histoire initiale. J\u2019ai ensuite \u00e9crit des fragments inspir\u00e9s de ces t\u00e9moignages destin\u00e9s \u00e0 \u00eatre r\u00e9appropri\u00e9s par les interpr\u00e8tes. \u00c0 partir de l\u00e0 de nouveaux r\u00e9cits ont surgi avec diff\u00e9rents points de vue de narration.<\/p><p>L\u2019enqu\u00eate intime que je relate dans cette pi\u00e8ce est trouble et restera forc\u00e9ment une \u00e9nigme \u00e0 l\u2019image des personnages qui se d\u00e9doublent, se d\u00e9multiplient et s\u00e8ment le doute \u00e0 mesure que le r\u00e9cit avance. Il s\u2019agit \u00e9videmment d\u2019une mise en ab\u00eeme de ma recherche artistique dans laquelle je questionne la notion de \u00ab v\u00e9rit\u00e9 \u00bb et les formes de sa transposition th\u00e9\u00e2trale.\u00a0<\/p><p>\u00a0<\/p>\t\t\t\t\t\t\t\t<\/div>\n\t\t\t\t<\/div>\n\t\t\t\t\t<\/div>\n\t\t<\/div>\n\t\t\t\t<div class=\"elementor-column elementor-col-50 elementor-top-column elementor-element elementor-element-c0e8d51\" data-id=\"c0e8d51\" data-element_type=\"column\" data-e-type=\"column\">\n\t\t\t<div class=\"elementor-widget-wrap elementor-element-populated\">\n\t\t\t\t\t\t<div class=\"elementor-element elementor-element-b9b7c50 elementor-widget elementor-widget-text-editor\" data-id=\"b9b7c50\" data-element_type=\"widget\" data-e-type=\"widget\" data-widget_type=\"text-editor.default\">\n\t\t\t\t<div class=\"elementor-widget-container\">\n\t\t\t\t\t\t\t\t\t<p><span style=\"color: #696167; font-family: Abel, sans-serif;\"><span style=\"font-weight: bold;\">Cr\u00e9ation 2026\/27<br \/><\/span><br \/><\/span><\/p><p style=\"font-weight: 400;\"><strong>Avec Julie Denisse, Florence Janas et Vanessa Larr\u00e9<\/strong><\/p><p style=\"font-weight: 400;\">\u00c9criture et mise en sc\u00e8ne <strong>Vanessa Larr\u00e9<\/strong><\/p><p style=\"font-weight: 400;\">Dramaturgie <strong>Ad\u00e8le Chanioleau<\/strong><\/p><p style=\"font-weight: 400;\">Sc\u00e9nographie <strong>Lisa Porteix<\/strong><\/p><p style=\"font-weight: 400;\">Vid\u00e9o <strong>Lucie Pannetrat<\/strong><\/p><p style=\"font-weight: 400;\">Lumi\u00e8re et r\u00e9gie g\u00e9n\u00e9rale <strong>David M\u00e9nard<\/strong><\/p><p style=\"font-weight: 400;\">Son <strong>Stan Bruno Valette<\/strong><\/p><p style=\"font-weight: 400;\">R\u00e9gie son et vid\u00e9o <strong>Adrien Hollocou<\/strong><\/p><p style=\"font-weight: 400;\">D\u00e9veloppement et administration <strong>Dant\u00e8s Pigeard<\/strong><\/p><p style=\"font-weight: 400;\">Production :<strong> Parcelle112\u00a0<\/strong><\/p><p style=\"font-weight: 400;\">Coproduction : <strong>Les C\u00e9lestins \u2013 Th\u00e9\u00e2tre de Lyon, Malraux \u2013 Sc\u00e8ne nationale Chamb\u00e9ry\u2011Savoie, Th\u00e9\u00e2tre des Quartiers d\u2019Ivry\u2013 CDN du Val\u2011de\u2011Marne<\/strong><\/p><p style=\"font-weight: 400;\">Soutien en r\u00e9sidence : <strong>La Chartreuse \u2013 Villeneuve lez Avignon, Les Maisons Mainou &#8211; Vandoeuvre, Suisse, CENTQUATRE\u2011Paris, Th\u00e9\u00e2tre Ouvert, Th\u00e9\u00e2tre de l\u2019Od\u00e9on<\/strong><\/p><p style=\"font-weight: 400;\">\u00a0<\/p>\t\t\t\t\t\t\t\t<\/div>\n\t\t\t\t<\/div>\n\t\t\t\t\t<\/div>\n\t\t<\/div>\n\t\t\t\t\t<\/div>\n\t\t<\/section>\n\t\t\t\t<\/div>\n\t\t","protected":false},"excerpt":{"rendered":"<p>Sublim(e)s &nbsp;\u00a9&nbsp;Vanessa Larr\u00e9, Val\u00e9rie Bert.&nbsp; C\u2019est durant un atelier th\u00e9\u00e2tre en maison d\u2019arr\u00eat pour femmes que la metteuse en sc\u00e8ne rencontre Jeanne L. Au fil des mois les deux femmes se lient d\u2019amiti\u00e9. De rencontres en confidences, un dialogue se tisse entre elles qui se poursuivra au\u2011del\u00e0 des murs de la prison apr\u00e8s la lib\u00e9ration&hellip;&nbsp;<a href=\"https:\/\/parcelle112.com\/?page_id=439\" class=\"\" rel=\"bookmark\">Lire la suite &raquo;<span class=\"screen-reader-text\">Sublime(s)<\/span><\/a><\/p>\n","protected":false},"author":1,"featured_media":0,"parent":0,"menu_order":0,"comment_status":"closed","ping_status":"closed","template":"","meta":{"neve_meta_sidebar":"","neve_meta_container":"","neve_meta_enable_content_width":"","neve_meta_content_width":0,"neve_meta_title_alignment":"","neve_meta_author_avatar":"","neve_post_elements_order":"","neve_meta_disable_header":"","neve_meta_disable_footer":"","neve_meta_disable_title":"","footnotes":""},"class_list":["post-439","page","type-page","status-publish","hentry"],"_links":{"self":[{"href":"https:\/\/parcelle112.com\/index.php?rest_route=\/wp\/v2\/pages\/439","targetHints":{"allow":["GET"]}}],"collection":[{"href":"https:\/\/parcelle112.com\/index.php?rest_route=\/wp\/v2\/pages"}],"about":[{"href":"https:\/\/parcelle112.com\/index.php?rest_route=\/wp\/v2\/types\/page"}],"author":[{"embeddable":true,"href":"https:\/\/parcelle112.com\/index.php?rest_route=\/wp\/v2\/users\/1"}],"replies":[{"embeddable":true,"href":"https:\/\/parcelle112.com\/index.php?rest_route=%2Fwp%2Fv2%2Fcomments&post=439"}],"version-history":[{"count":332,"href":"https:\/\/parcelle112.com\/index.php?rest_route=\/wp\/v2\/pages\/439\/revisions"}],"predecessor-version":[{"id":2947,"href":"https:\/\/parcelle112.com\/index.php?rest_route=\/wp\/v2\/pages\/439\/revisions\/2947"}],"wp:attachment":[{"href":"https:\/\/parcelle112.com\/index.php?rest_route=%2Fwp%2Fv2%2Fmedia&parent=439"}],"curies":[{"name":"wp","href":"https:\/\/api.w.org\/{rel}","templated":true}]}}