{"id":440,"date":"2022-12-08T21:31:36","date_gmt":"2022-12-08T20:31:36","guid":{"rendered":"http:\/\/parcelle112.com\/?page_id=440"},"modified":"2023-12-01T19:18:27","modified_gmt":"2023-12-01T18:18:27","slug":"concert-a-la-carte","status":"publish","type":"page","link":"https:\/\/parcelle112.com\/?page_id=440","title":{"rendered":"Concert \u00e0 la carte"},"content":{"rendered":"\t\t<div data-elementor-type=\"wp-page\" data-elementor-id=\"440\" class=\"elementor elementor-440\">\n\t\t\t\t\t\t<section class=\"elementor-section elementor-top-section elementor-element elementor-element-83b9bb3 elementor-section-boxed elementor-section-height-default elementor-section-height-default\" data-id=\"83b9bb3\" data-element_type=\"section\" data-e-type=\"section\">\n\t\t\t\t\t\t<div class=\"elementor-container elementor-column-gap-default\">\n\t\t\t\t\t<div class=\"elementor-column elementor-col-100 elementor-top-column elementor-element elementor-element-eb350c1\" data-id=\"eb350c1\" data-element_type=\"column\" data-e-type=\"column\">\n\t\t\t<div class=\"elementor-widget-wrap elementor-element-populated\">\n\t\t\t\t\t\t<div class=\"elementor-element elementor-element-59e06bc elementor-widget elementor-widget-heading\" data-id=\"59e06bc\" data-element_type=\"widget\" data-e-type=\"widget\" data-widget_type=\"heading.default\">\n\t\t\t\t<div class=\"elementor-widget-container\">\n\t\t\t\t\t<h2 class=\"elementor-heading-title elementor-size-default\">Concert \u00e0 la carte<\/h2>\t\t\t\t<\/div>\n\t\t\t\t<\/div>\n\t\t\t\t\t<\/div>\n\t\t<\/div>\n\t\t\t\t\t<\/div>\n\t\t<\/section>\n\t\t\t\t<section class=\"elementor-section elementor-top-section elementor-element elementor-element-13cedae elementor-section-full_width elementor-section-height-default elementor-section-height-default\" data-id=\"13cedae\" data-element_type=\"section\" data-e-type=\"section\">\n\t\t\t\t\t\t<div class=\"elementor-container elementor-column-gap-no\">\n\t\t\t\t\t<div class=\"elementor-column elementor-col-100 elementor-top-column elementor-element elementor-element-6662618\" data-id=\"6662618\" data-element_type=\"column\" data-e-type=\"column\">\n\t\t\t<div class=\"elementor-widget-wrap elementor-element-populated\">\n\t\t\t\t\t\t<div class=\"elementor-element elementor-element-fcf07f5 elementor-widget elementor-widget-text-editor\" data-id=\"fcf07f5\" data-element_type=\"widget\" data-e-type=\"widget\" data-widget_type=\"text-editor.default\">\n\t\t\t\t<div class=\"elementor-widget-container\">\n\t\t\t\t\t\t\t\t\t<div><\/div>\t\t\t\t\t\t\t\t<\/div>\n\t\t\t\t<\/div>\n\t\t\t\t\t<\/div>\n\t\t<\/div>\n\t\t\t\t\t<\/div>\n\t\t<\/section>\n\t\t\t\t<section class=\"elementor-section elementor-top-section elementor-element elementor-element-049b231 elementor-section-boxed elementor-section-height-default elementor-section-height-default\" data-id=\"049b231\" data-element_type=\"section\" data-e-type=\"section\">\n\t\t\t\t\t\t<div class=\"elementor-container elementor-column-gap-default\">\n\t\t\t\t\t<div class=\"elementor-column elementor-col-100 elementor-top-column elementor-element elementor-element-3074011\" data-id=\"3074011\" data-element_type=\"column\" data-e-type=\"column\">\n\t\t\t<div class=\"elementor-widget-wrap elementor-element-populated\">\n\t\t\t\t\t\t<div class=\"elementor-element elementor-element-f1e1b01 elementor-widget elementor-widget-text-editor\" data-id=\"f1e1b01\" data-element_type=\"widget\" data-e-type=\"widget\" data-widget_type=\"text-editor.default\">\n\t\t\t\t<div class=\"elementor-widget-container\">\n\t\t\t\t\t\t\t\t\t<p style=\"font-variant-numeric: normal; font-variant-east-asian: normal; font-stretch: normal; font-size: 12px; line-height: normal; font-family: 'Helvetica Neue'; -webkit-text-stroke-color: #000000; color: #000000;\"><span style=\"font-kerning: none;\">Cr\u00e9dit photographique Stanley Woodward<\/span><\/p>\t\t\t\t\t\t\t\t<\/div>\n\t\t\t\t<\/div>\n\t\t\t\t\t<\/div>\n\t\t<\/div>\n\t\t\t\t\t<\/div>\n\t\t<\/section>\n\t\t\t\t<section class=\"elementor-section elementor-top-section elementor-element elementor-element-798a8dc elementor-section-boxed elementor-section-height-default elementor-section-height-default\" data-id=\"798a8dc\" data-element_type=\"section\" data-e-type=\"section\">\n\t\t\t\t\t\t<div class=\"elementor-container elementor-column-gap-default\">\n\t\t\t\t\t<div class=\"elementor-column elementor-col-50 elementor-top-column elementor-element elementor-element-cf080bf\" data-id=\"cf080bf\" data-element_type=\"column\" data-e-type=\"column\">\n\t\t\t<div class=\"elementor-widget-wrap elementor-element-populated\">\n\t\t\t\t\t\t<div class=\"elementor-element elementor-element-8f0c88c elementor-widget elementor-widget-text-editor\" data-id=\"8f0c88c\" data-element_type=\"widget\" data-e-type=\"widget\" data-widget_type=\"text-editor.default\">\n\t\t\t\t<div class=\"elementor-widget-container\">\n\t\t\t\t\t\t\t\t\t<p><span style=\"color: #000000; font-family: Abel, sans-serif; font-size: 17px; text-align: justify;\">Un soir quelconque de semaine, Mlle Rasch rentre chez elle apr\u00e8s sa journ\u00e9e de travail. <br \/>Elle d\u00e9pose ses courses et une liasse de prospectus et de d\u00e9pliants publicitaires sur la table de sa cuisine, puis elle retire son manteau, ses chaussures et les v\u00eatements qu&rsquo;elle a port\u00e9s toute la journ\u00e9e. <br \/>Elle passe une tenue plus confortable et se pr\u00e9pare \u00e0 passer la soir\u00e9e seule chez elle comme tous les soirs.<\/span><br style=\"color: #000000; font-family: Abel, sans-serif; font-size: 17px; text-align: justify;\" \/><span style=\"color: #000000; font-family: Abel, sans-serif; font-size: 17px; text-align: justify;\">Cette pi\u00e8ce con\u00e7ue comme un solo sans parole diss\u00e8que au scalpel la vie solitaire et monomaniaque d&rsquo;une femme<br \/>au bord du gouffre, anesth\u00e9si\u00e9e par la routine et les verrous affectifs de sa vie.\u00a0<br \/><\/span><br style=\"color: #000000; font-family: Abel, sans-serif; font-size: 17px; text-align: justify;\" \/><span style=\"color: #000000; font-family: Abel, sans-serif; font-size: 17px; text-align: justify;\">Pamphlet social et politique mettant en sc\u00e8ne les processus de d\u00e9shumanisation \u00e0 l&rsquo;\u0153uvre pesant sur les destin\u00e9es individuelles d&rsquo;un prol\u00e9tariat asphyxi\u00e9 par le syst\u00e8me capitaliste, la pi\u00e8ce d\u00e9plie avec le m\u00eame d\u00e9nuement d\u2019affect, la chronique d\u2019une mort annonc\u00e9e.<\/span><\/p><p><span style=\"color: #000000; font-family: Abel, sans-serif; font-size: 17px; text-align: justify;\">\u00a0<\/span><\/p>\t\t\t\t\t\t\t\t<\/div>\n\t\t\t\t<\/div>\n\t\t\t\t\t<\/div>\n\t\t<\/div>\n\t\t\t\t<div class=\"elementor-column elementor-col-50 elementor-top-column elementor-element elementor-element-b19bf88\" data-id=\"b19bf88\" data-element_type=\"column\" data-e-type=\"column\">\n\t\t\t<div class=\"elementor-widget-wrap elementor-element-populated\">\n\t\t\t\t\t\t<div class=\"elementor-element elementor-element-efeac8c elementor-widget__width-initial elementor-widget elementor-widget-text-editor\" data-id=\"efeac8c\" data-element_type=\"widget\" data-e-type=\"widget\" data-widget_type=\"text-editor.default\">\n\t\t\t\t<div class=\"elementor-widget-container\">\n\t\t\t\t\t\t\t\t\t<p><span style=\"color: rgb(105, 97, 103); font-family: Abel, sans-serif; letter-spacing: 0.1px;\">Cr\u00e9ation Novembre 2010 Th\u00e9\u00e2tre de Rungis, La Com\u00e9die de Gen\u00e8ve, TDB Dijon Bourgogne, CDN Orl\u00e9ans.<br>Texte de Franz Xaver Kroetz.<\/span><br style=\"color: rgb(105, 97, 103); font-family: Abel, sans-serif; letter-spacing: 0.1px;\"><span style=\"color: rgb(105, 97, 103); font-family: Abel, sans-serif; letter-spacing: 0.1px;\">Avec et mis en sc\u00e8ne par Vanessa Larr\u00e9<\/span><br style=\"color: rgb(105, 97, 103); font-family: Abel, sans-serif; letter-spacing: 0.1px;\"><span style=\"color: rgb(105, 97, 103); font-family: Abel, sans-serif; letter-spacing: 0.1px;\">Collaboration artistique V\u00e9ronique Ros de la Grange, sc\u00e9nographie Chantal de la Coste,&nbsp;<\/span><br style=\"color: rgb(105, 97, 103); font-family: Abel, sans-serif; letter-spacing: 0.1px;\"><span style=\"color: rgb(105, 97, 103); font-family: Abel, sans-serif; letter-spacing: 0.1px;\">Cr\u00e9ation sonore Emmanuel Solland, lumi\u00e8re et r\u00e9gie g\u00e9n\u00e9rale Stan Bruno Valette<\/span><br style=\"color: rgb(105, 97, 103); font-family: Abel, sans-serif; letter-spacing: 0.1px;\"><span style=\"color: rgb(105, 97, 103); font-family: Abel, sans-serif; letter-spacing: 0.1px;\">Coproduction CDN Dijon Bourgogne, La Com\u00e9die de Gen\u00e8ve, Th\u00e9\u00e2tre de Rungis &#8211;&nbsp;<\/span><span style=\"color: rgb(105, 97, 103); font-family: Abel, sans-serif; letter-spacing: 0.1px;\">Production d\u00e9l\u00e9gu\u00e9e CDN Dijon-Bourgogne.<\/span><br><\/p>\t\t\t\t\t\t\t\t<\/div>\n\t\t\t\t<\/div>\n\t\t\t\t\t<\/div>\n\t\t<\/div>\n\t\t\t\t\t<\/div>\n\t\t<\/section>\n\t\t\t\t<\/div>\n\t\t","protected":false},"excerpt":{"rendered":"<p>Concert \u00e0 la carte Cr\u00e9dit photographique Stanley Woodward Un soir quelconque de semaine, Mlle Rasch rentre chez elle apr\u00e8s sa journ\u00e9e de travail. Elle d\u00e9pose ses courses et une liasse de prospectus et de d\u00e9pliants publicitaires sur la table de sa cuisine, puis elle retire son manteau, ses chaussures et les v\u00eatements qu&rsquo;elle a port\u00e9s&hellip;&nbsp;<a href=\"https:\/\/parcelle112.com\/?page_id=440\" class=\"\" rel=\"bookmark\">Lire la suite &raquo;<span class=\"screen-reader-text\">Concert \u00e0 la carte<\/span><\/a><\/p>\n","protected":false},"author":1,"featured_media":0,"parent":0,"menu_order":0,"comment_status":"closed","ping_status":"closed","template":"","meta":{"neve_meta_sidebar":"","neve_meta_container":"","neve_meta_enable_content_width":"","neve_meta_content_width":0,"neve_meta_title_alignment":"","neve_meta_author_avatar":"","neve_post_elements_order":"","neve_meta_disable_header":"","neve_meta_disable_footer":"","neve_meta_disable_title":"","footnotes":""},"class_list":["post-440","page","type-page","status-publish","hentry"],"_links":{"self":[{"href":"https:\/\/parcelle112.com\/index.php?rest_route=\/wp\/v2\/pages\/440","targetHints":{"allow":["GET"]}}],"collection":[{"href":"https:\/\/parcelle112.com\/index.php?rest_route=\/wp\/v2\/pages"}],"about":[{"href":"https:\/\/parcelle112.com\/index.php?rest_route=\/wp\/v2\/types\/page"}],"author":[{"embeddable":true,"href":"https:\/\/parcelle112.com\/index.php?rest_route=\/wp\/v2\/users\/1"}],"replies":[{"embeddable":true,"href":"https:\/\/parcelle112.com\/index.php?rest_route=%2Fwp%2Fv2%2Fcomments&post=440"}],"version-history":[{"count":184,"href":"https:\/\/parcelle112.com\/index.php?rest_route=\/wp\/v2\/pages\/440\/revisions"}],"predecessor-version":[{"id":2537,"href":"https:\/\/parcelle112.com\/index.php?rest_route=\/wp\/v2\/pages\/440\/revisions\/2537"}],"wp:attachment":[{"href":"https:\/\/parcelle112.com\/index.php?rest_route=%2Fwp%2Fv2%2Fmedia&parent=440"}],"curies":[{"name":"wp","href":"https:\/\/api.w.org\/{rel}","templated":true}]}}