{"id":442,"date":"2022-12-08T21:31:36","date_gmt":"2022-12-08T20:31:36","guid":{"rendered":"http:\/\/parcelle112.com\/?page_id=442"},"modified":"2024-03-27T18:33:10","modified_gmt":"2024-03-27T17:33:10","slug":"femme-dinterieur","status":"publish","type":"page","link":"https:\/\/parcelle112.com\/?page_id=442","title":{"rendered":"Femme d&rsquo;int\u00e9rieur"},"content":{"rendered":"\t\t<div data-elementor-type=\"wp-page\" data-elementor-id=\"442\" class=\"elementor elementor-442\">\n\t\t\t\t\t\t<section class=\"elementor-section elementor-top-section elementor-element elementor-element-8a84db4 elementor-section-boxed elementor-section-height-default elementor-section-height-default\" data-id=\"8a84db4\" data-element_type=\"section\" data-e-type=\"section\">\n\t\t\t\t\t\t<div class=\"elementor-container elementor-column-gap-default\">\n\t\t\t\t\t<div class=\"elementor-column elementor-col-100 elementor-top-column elementor-element elementor-element-a6788f1\" data-id=\"a6788f1\" data-element_type=\"column\" data-e-type=\"column\">\n\t\t\t<div class=\"elementor-widget-wrap elementor-element-populated\">\n\t\t\t\t\t\t<div class=\"elementor-element elementor-element-b014ec0 elementor-widget elementor-widget-heading\" data-id=\"b014ec0\" data-element_type=\"widget\" data-e-type=\"widget\" data-widget_type=\"heading.default\">\n\t\t\t\t<div class=\"elementor-widget-container\">\n\t\t\t\t\t<h2 class=\"elementor-heading-title elementor-size-default\">Femme d'int\u00e9rieur<\/h2>\t\t\t\t<\/div>\n\t\t\t\t<\/div>\n\t\t\t\t\t<\/div>\n\t\t<\/div>\n\t\t\t\t\t<\/div>\n\t\t<\/section>\n\t\t\t\t<section class=\"elementor-section elementor-top-section elementor-element elementor-element-a1def92 elementor-section-full_width elementor-section-height-default elementor-section-height-default\" data-id=\"a1def92\" data-element_type=\"section\" data-e-type=\"section\">\n\t\t\t\t\t\t<div class=\"elementor-container elementor-column-gap-default\">\n\t\t\t\t\t<div class=\"elementor-column elementor-col-100 elementor-top-column elementor-element elementor-element-a360edb\" data-id=\"a360edb\" data-element_type=\"column\" data-e-type=\"column\">\n\t\t\t<div class=\"elementor-widget-wrap elementor-element-populated\">\n\t\t\t\t\t\t<div class=\"elementor-element elementor-element-a876d1d elementor-widget elementor-widget-text-editor\" data-id=\"a876d1d\" data-element_type=\"widget\" data-e-type=\"widget\" data-widget_type=\"text-editor.default\">\n\t\t\t\t<div class=\"elementor-widget-container\">\n\t\t\t\t\t\t\t\t\t<div><\/div>\t\t\t\t\t\t\t\t<\/div>\n\t\t\t\t<\/div>\n\t\t\t\t\t<\/div>\n\t\t<\/div>\n\t\t\t\t\t<\/div>\n\t\t<\/section>\n\t\t\t\t<section class=\"elementor-section elementor-top-section elementor-element elementor-element-d9ef848 elementor-section-boxed elementor-section-height-default elementor-section-height-default\" data-id=\"d9ef848\" data-element_type=\"section\" data-e-type=\"section\">\n\t\t\t\t\t\t<div class=\"elementor-container elementor-column-gap-no\">\n\t\t\t\t\t<div class=\"elementor-column elementor-col-100 elementor-top-column elementor-element elementor-element-4337060\" data-id=\"4337060\" data-element_type=\"column\" data-e-type=\"column\">\n\t\t\t<div class=\"elementor-widget-wrap elementor-element-populated\">\n\t\t\t\t\t\t<div class=\"elementor-element elementor-element-eaf7199 elementor-widget elementor-widget-text-editor\" data-id=\"eaf7199\" data-element_type=\"widget\" data-e-type=\"widget\" data-widget_type=\"text-editor.default\">\n\t\t\t\t<div class=\"elementor-widget-container\">\n\t\t\t\t\t\t\t\t\t<p><span style=\"color: rgb(77, 81, 86); font-family: arial, sans-serif; font-size: 14px; background-color: var(--nv-site-bg); letter-spacing: var(--bodyletterspacing); text-transform: var(--bodytexttransform);\">\u00a9<\/span>&nbsp;Stanley Woodward<\/p>\n<p><\/p>\t\t\t\t\t\t\t\t<\/div>\n\t\t\t\t<\/div>\n\t\t\t\t\t<\/div>\n\t\t<\/div>\n\t\t\t\t\t<\/div>\n\t\t<\/section>\n\t\t\t\t<section class=\"elementor-section elementor-top-section elementor-element elementor-element-78df4ec elementor-section-boxed elementor-section-height-default elementor-section-height-default\" data-id=\"78df4ec\" data-element_type=\"section\" data-e-type=\"section\">\n\t\t\t\t\t\t<div class=\"elementor-container elementor-column-gap-default\">\n\t\t\t\t\t<div class=\"elementor-column elementor-col-50 elementor-top-column elementor-element elementor-element-0ca63b0\" data-id=\"0ca63b0\" data-element_type=\"column\" data-e-type=\"column\">\n\t\t\t<div class=\"elementor-widget-wrap elementor-element-populated\">\n\t\t\t\t\t\t<div class=\"elementor-element elementor-element-3fbbcea elementor-widget elementor-widget-text-editor\" data-id=\"3fbbcea\" data-element_type=\"widget\" data-e-type=\"widget\" data-widget_type=\"text-editor.default\">\n\t\t\t\t<div class=\"elementor-widget-container\">\n\t\t\t\t\t\t\t\t\t<p><span style=\"color: #090909; font-family: Abel, sans-serif; font-size: 17px;\">La pi\u00e8ce est un dyptique compos\u00e9 \u00e0 partir de Concert \u00e0 la carte et Perspectives ult\u00e9rieures de l&rsquo;auteur allemand Franz Xavier Kroetz, deux partitions solitaires, l&rsquo;une compos\u00e9e uniquement de didascalies, et l&rsquo;autre, \u00e0 l\u2019image de la m\u00e9moire du personnage, trou\u00e9e de paroles fragmentaires.\u00a0<\/span><br style=\"color: #090909; font-family: Abel, sans-serif; font-size: 17px;\" \/><span style=\"color: #090909; font-family: Abel, sans-serif; font-size: 17px;\">Les spectateurs sont invit\u00e9s \u00e0 prendre place dans le patio qui s\u00e9pare les appartements des ces deux voisines qui pourraient \u00eatre la m\u00eame femme \u00e0 trente ans d&rsquo;intervalle. Tels des voyeurs post\u00e9s derri\u00e8re leurs baies\u00a0<\/span><span style=\"color: #090909; font-family: Abel, sans-serif; font-size: 17px;\">vitr\u00e9es, ils assistent impuissants \u00e0 la derni\u00e8re soir\u00e9e des deux femmes. L&rsquo;une, c\u00e9libataire et mutique d&rsquo;une quarantaine d&rsquo;ann\u00e9e s&rsquo;adonne aux rituels domestiques d&rsquo;une fin de journ\u00e9e monotone, et l\u2019autre, \u00e0 la veille de son d\u00e9part forc\u00e9 en maison de retraite, finit d\u2019emballer \u00e0 regret les cartons d\u2019une vie.<\/span><br style=\"color: #090909; font-family: Abel, sans-serif; font-size: 17px;\" \/><span style=\"color: #090909; font-family: Abel, sans-serif; font-size: 17px;\">Deux solitudes prises dans l&rsquo;isolement d&rsquo;une cit\u00e9 dortoir en p\u00e9riph\u00e9rie de la ville.<\/span><\/p><p><span style=\"color: #090909; font-family: Abel, sans-serif; font-size: 17px;\">\u00a0<\/span><\/p><p>\u00a0<\/p>\t\t\t\t\t\t\t\t<\/div>\n\t\t\t\t<\/div>\n\t\t\t\t\t<\/div>\n\t\t<\/div>\n\t\t\t\t<div class=\"elementor-column elementor-col-50 elementor-top-column elementor-element elementor-element-7424997\" data-id=\"7424997\" data-element_type=\"column\" data-e-type=\"column\">\n\t\t\t<div class=\"elementor-widget-wrap elementor-element-populated\">\n\t\t\t\t\t\t<div class=\"elementor-element elementor-element-e465e9b elementor-widget elementor-widget-text-editor\" data-id=\"e465e9b\" data-element_type=\"widget\" data-e-type=\"widget\" data-widget_type=\"text-editor.default\">\n\t\t\t\t<div class=\"elementor-widget-container\">\n\t\t\t\t\t\t\t\t\t<p><span style=\"color: #696167; font-family: Abel, sans-serif; letter-spacing: 0.5px;\">Cr\u00e9ation f\u00e9vrier 2014 CDN d&rsquo;Orl\u00e9ans, L&rsquo;Avant Seine th\u00e9\u00e2tre de Colombes<\/span><br style=\"color: #696167; font-family: Abel, sans-serif; letter-spacing: 0.5px;\" \/><span style=\"color: #696167; font-family: Abel, sans-serif; letter-spacing: 0.5px;\">Diptyque d&rsquo;apr\u00e8s Franz Xaver Kroetz (Concert \u00e0 la carte et Perspectives ult\u00e9rieures)<\/span><br style=\"color: #696167; font-family: Abel, sans-serif; letter-spacing: 0.5px;\" \/><span style=\"color: #696167; font-family: Abel, sans-serif; letter-spacing: 0.5px;\">Adaptation, conception et mise en sc\u00e8ne, Vanessa Larr\u00e9<\/span><br style=\"color: #696167; font-family: Abel, sans-serif; letter-spacing: 0.5px;\" \/><span style=\"color: #696167; font-family: Abel, sans-serif; letter-spacing: 0.5px;\">Avec Mich\u00e8le Gleizer et Vanessa Larr\u00e9<\/span><br style=\"color: #696167; font-family: Abel, sans-serif; letter-spacing: 0.5px;\" \/><span style=\"color: #696167; font-family: Abel, sans-serif; letter-spacing: 0.5px;\">Collaboration artistique\u00a0 V\u00e9ronique Ros de la Grange, sc\u00e9nographie et costumes\u00a0 Chantal de la C\u00f4te,<\/span><br style=\"color: #696167; font-family: Abel, sans-serif; letter-spacing: 0.5px;\" \/><span style=\"color: #696167; font-family: Abel, sans-serif; letter-spacing: 0.5px;\">Sonographie\u00a0 Emmanuel Soland, Musique et R\u00e9gie g\u00e9n\u00e9rale\u00a0 Stan Bruno Valette<\/span><\/p>\t\t\t\t\t\t\t\t<\/div>\n\t\t\t\t<\/div>\n\t\t\t\t\t<\/div>\n\t\t<\/div>\n\t\t\t\t\t<\/div>\n\t\t<\/section>\n\t\t\t\t<\/div>\n\t\t","protected":false},"excerpt":{"rendered":"<p>Femme d&rsquo;int\u00e9rieur \u00a9&nbsp;Stanley Woodward La pi\u00e8ce est un dyptique compos\u00e9 \u00e0 partir de Concert \u00e0 la carte et Perspectives ult\u00e9rieures de l&rsquo;auteur allemand Franz Xavier Kroetz, deux partitions solitaires, l&rsquo;une compos\u00e9e uniquement de didascalies, et l&rsquo;autre, \u00e0 l\u2019image de la m\u00e9moire du personnage, trou\u00e9e de paroles fragmentaires.\u00a0Les spectateurs sont invit\u00e9s \u00e0 prendre place dans le&hellip;&nbsp;<a href=\"https:\/\/parcelle112.com\/?page_id=442\" class=\"\" rel=\"bookmark\">Lire la suite &raquo;<span class=\"screen-reader-text\">Femme d&rsquo;int\u00e9rieur<\/span><\/a><\/p>\n","protected":false},"author":1,"featured_media":0,"parent":0,"menu_order":0,"comment_status":"closed","ping_status":"closed","template":"","meta":{"neve_meta_sidebar":"","neve_meta_container":"","neve_meta_enable_content_width":"","neve_meta_content_width":0,"neve_meta_title_alignment":"","neve_meta_author_avatar":"","neve_post_elements_order":"","neve_meta_disable_header":"","neve_meta_disable_footer":"","neve_meta_disable_title":"","footnotes":""},"class_list":["post-442","page","type-page","status-publish","hentry"],"_links":{"self":[{"href":"https:\/\/parcelle112.com\/index.php?rest_route=\/wp\/v2\/pages\/442","targetHints":{"allow":["GET"]}}],"collection":[{"href":"https:\/\/parcelle112.com\/index.php?rest_route=\/wp\/v2\/pages"}],"about":[{"href":"https:\/\/parcelle112.com\/index.php?rest_route=\/wp\/v2\/types\/page"}],"author":[{"embeddable":true,"href":"https:\/\/parcelle112.com\/index.php?rest_route=\/wp\/v2\/users\/1"}],"replies":[{"embeddable":true,"href":"https:\/\/parcelle112.com\/index.php?rest_route=%2Fwp%2Fv2%2Fcomments&post=442"}],"version-history":[{"count":97,"href":"https:\/\/parcelle112.com\/index.php?rest_route=\/wp\/v2\/pages\/442\/revisions"}],"predecessor-version":[{"id":2755,"href":"https:\/\/parcelle112.com\/index.php?rest_route=\/wp\/v2\/pages\/442\/revisions\/2755"}],"wp:attachment":[{"href":"https:\/\/parcelle112.com\/index.php?rest_route=%2Fwp%2Fv2%2Fmedia&parent=442"}],"curies":[{"name":"wp","href":"https:\/\/api.w.org\/{rel}","templated":true}]}}