{"id":443,"date":"2022-12-08T21:31:36","date_gmt":"2022-12-08T20:31:36","guid":{"rendered":"http:\/\/parcelle112.com\/?page_id=443"},"modified":"2023-11-29T15:38:45","modified_gmt":"2023-11-29T14:38:45","slug":"vanessa-larre","status":"publish","type":"page","link":"https:\/\/parcelle112.com\/?page_id=443","title":{"rendered":"Vanessa Larr\u00e9"},"content":{"rendered":"\t\t<div data-elementor-type=\"wp-page\" data-elementor-id=\"443\" class=\"elementor elementor-443\">\n\t\t\t\t\t\t<section class=\"elementor-section elementor-top-section elementor-element elementor-element-4107626 elementor-section-boxed elementor-section-height-default elementor-section-height-default\" data-id=\"4107626\" data-element_type=\"section\" data-e-type=\"section\">\n\t\t\t\t\t\t<div class=\"elementor-container elementor-column-gap-default\">\n\t\t\t\t\t<div class=\"elementor-column elementor-col-100 elementor-top-column elementor-element elementor-element-d6579c0\" data-id=\"d6579c0\" data-element_type=\"column\" data-e-type=\"column\">\n\t\t\t<div class=\"elementor-widget-wrap elementor-element-populated\">\n\t\t\t\t\t\t<div class=\"elementor-element elementor-element-a1e4dfe elementor-widget elementor-widget-text-editor\" data-id=\"a1e4dfe\" data-element_type=\"widget\" data-e-type=\"widget\" data-widget_type=\"text-editor.default\">\n\t\t\t\t<div class=\"elementor-widget-container\">\n\t\t\t\t\t\t\t\t\t<p>Vanessa Larr\u00e9\u00a0<\/p>\t\t\t\t\t\t\t\t<\/div>\n\t\t\t\t<\/div>\n\t\t\t\t\t<\/div>\n\t\t<\/div>\n\t\t\t\t\t<\/div>\n\t\t<\/section>\n\t\t\t\t<section class=\"elementor-section elementor-top-section elementor-element elementor-element-c4eec46 elementor-section-boxed elementor-section-height-default elementor-section-height-default\" data-id=\"c4eec46\" data-element_type=\"section\" data-e-type=\"section\">\n\t\t\t\t\t\t<div class=\"elementor-container elementor-column-gap-default\">\n\t\t\t\t\t<div class=\"elementor-column elementor-col-50 elementor-top-column elementor-element elementor-element-39b73a5\" data-id=\"39b73a5\" data-element_type=\"column\" data-e-type=\"column\">\n\t\t\t<div class=\"elementor-widget-wrap elementor-element-populated\">\n\t\t\t\t\t\t<div class=\"elementor-element elementor-element-6f393f2 elementor-widget elementor-widget-image\" data-id=\"6f393f2\" data-element_type=\"widget\" data-e-type=\"widget\" data-widget_type=\"image.default\">\n\t\t\t\t<div class=\"elementor-widget-container\">\n\t\t\t\t\t\t\t\t\t\t\t\t\t\t\t<img fetchpriority=\"high\" decoding=\"async\" width=\"930\" height=\"620\" src=\"https:\/\/parcelle112.com\/wp-content\/uploads\/2023\/04\/IMG-3085-copie-930x620.jpg\" class=\"attachment-neve-blog size-neve-blog wp-image-1220\" alt=\"\" srcset=\"https:\/\/parcelle112.com\/wp-content\/uploads\/2023\/04\/IMG-3085-copie-930x620.jpg 930w, https:\/\/parcelle112.com\/wp-content\/uploads\/2023\/04\/IMG-3085-copie-300x200.jpg 300w, https:\/\/parcelle112.com\/wp-content\/uploads\/2023\/04\/IMG-3085-copie-1024x683.jpg 1024w, https:\/\/parcelle112.com\/wp-content\/uploads\/2023\/04\/IMG-3085-copie-768x512.jpg 768w, https:\/\/parcelle112.com\/wp-content\/uploads\/2023\/04\/IMG-3085-copie-1536x1024.jpg 1536w, https:\/\/parcelle112.com\/wp-content\/uploads\/2023\/04\/IMG-3085-copie-2048x1365.jpg 2048w\" sizes=\"(max-width: 930px) 100vw, 930px\" \/>\t\t\t\t\t\t\t\t\t\t\t\t\t\t\t<\/div>\n\t\t\t\t<\/div>\n\t\t\t\t\t<\/div>\n\t\t<\/div>\n\t\t\t\t<div class=\"elementor-column elementor-col-50 elementor-top-column elementor-element elementor-element-014900e\" data-id=\"014900e\" data-element_type=\"column\" data-e-type=\"column\">\n\t\t\t<div class=\"elementor-widget-wrap elementor-element-populated\">\n\t\t\t\t\t\t<div class=\"elementor-element elementor-element-6f0548b elementor-widget elementor-widget-text-editor\" data-id=\"6f0548b\" data-element_type=\"widget\" data-e-type=\"widget\" data-widget_type=\"text-editor.default\">\n\t\t\t\t<div class=\"elementor-widget-container\">\n\t\t\t\t\t\t\t\t\t<p>Je suis n\u00e9e \u00e0 Gen\u00e8ve en Suisse, et j\u2019ai v\u00e9cu \u00e0 Paris pendant trente ans. Apr\u00e8s ma formation au CNSAD (1993\/96), j\u2019ai principalement poursuivi une carri\u00e8re de com\u00e9dienne avant de concevoir mon premier projet de mise en sc\u00e8ne en 2010\/11.<\/p><p><em>Concert \u00e0 la Carte<\/em>, de l\u2019auteur allemand Franz Xaver Kroetz, d\u00e9crit au scalpel la soir\u00e9e d\u2019une femme qui rentre chez elle apr\u00e8s son travail et finit sans raison apparente par mettre fin \u00e0 ses jours.<\/p><p>En 2014, je cr\u00e9e <em>Femmes (d\u2019)int\u00e9rieur <\/em>(diptyque th\u00e9\u00e2tral compos\u00e9e \u00e0 partir de <em>Concert \u00e0 la carte <\/em>et <em>Perspectives ult\u00e9rieures<\/em>, de F. X. Kroetz), deux \u00ab\u00a0solos\u00a0\u00bb sur l\u2019enfermement et l\u2019asservissement de classe, et sur la solitude f\u00e9minine, sujet au c\u0153ur de mon histoire familiale.<\/p><p>La m\u00eame ann\u00e9e, je coadapte et met en sc\u00e8ne <em>King Kong th\u00e9orie<\/em>, de Virginie Despentes, essai autobiographique o\u00f9 l\u2019autrice analyse et critique la construction politique du genre et la violence masculine comme pilier d\u2019un syst\u00e8me o\u00f9 la domination et la hi\u00e9rarchie sexuelles sont \u00e9rig\u00e9s en dogme.<\/p><p>C\u2019est \u00e0 cette \u00e9poque que je d\u00e9couvre l\u2019\u0153uvre de Gris\u00e9lidis R\u00e9al, prostitu\u00e9e et \u00e9crivaine suisse, qui aboutira \u00e0 l\u2019\u00e9criture de <em>La Passe, <\/em>cr\u00e9\u00e9 en 2019. La pi\u00e8ce d\u00e9crit \u00e0 travers les lignes de r\u00e9cits intimes de deux com\u00e9diennes et une prostitu\u00e9e, l\u2019objectivation sexuelle des femmes dans notre culture au c\u0153ur de la condition f\u00e9minine.<\/p><p><em>Sublime(s)<\/em> est le fruit d\u2019un long processus d\u2019\u00e9criture et de recherche dont la cr\u00e9ation est pr\u00e9vue pour la saison 2024\/25. La th\u00e9matique de la violence intrafamiliale s\u2019articule autour du r\u00e9cit de deux femmes marqu\u00e9es par des <em>faits divers <\/em>li\u00e9s \u00e0 la d\u00e9faillance parentale. L\u2019une d\u2019elle est une femme que j\u2019ai rencontr\u00e9e lors d\u2019un atelier en prison, condamn\u00e9e pour l\u2019homicide involontaire de son enfant.<\/p><p>Je cherche \u00e0 articuler mon travail artistique avec les rencontres marquantes que je fais dans la vie. Ces rencontres agissent comme des \u00e9lectrochocs, ce sont des balises qui m\u2019alertent de motifs qui sont prisonniers de mon inconscient. J\u2019ouvre alors dans un premier temps un chantier documentaire qui donne naissance \u00e0 des fragments d\u2019\u00e9critures de natures diverses. La pi\u00e8ce se cr\u00e9e ensuite \u00e0 partir des exp\u00e9rimentations men\u00e9es au plateau \u00e0 partir de ces partitions, augment\u00e9e au fur et \u00e0 mesure par les improvisations et les biographies des interpr\u00e8tes. Il arrive que j\u2019invite sur sc\u00e8ne les t\u00e9moins de ces r\u00e9cits \u00e0 revisiter leur histoire. Il est toujours question avec les interpr\u00e8tes, professionnels ou amateurs, de mener un travail d\u2019introspection artistique et personnelle. L\u2019\u00e9criture de la pi\u00e8ce dialogue avec des sc\u00e9nographies qui mettent le public physiquement en mouvement, soit par l\u2019immersion ou la d\u00e9ambulation.<\/p><p>J\u2019ai dirig\u00e9 des ateliers de formation dans des \u00e9coles d\u2019art et d\u2019enseignement du th\u00e9\u00e2tre, ainsi que des projets d\u2019actions culturelles en milieu carc\u00e9ral et en Ehpad. Actuellement je suis coresponsable du d\u00e9partement Jeu \u00e0 l\u2019Ensatt, (Ecole Nationale Sup\u00e9rieure des Arts et Techniques du Th\u00e9\u00e2tre). Je m\u2019int\u00e9resse \u00e0 un th\u00e9\u00e2tre du r\u00e9el qui par glissements sc\u00e9niques va ouvrir des champs de perception po\u00e9tique. Il s\u2019agit pour moi de tisser des r\u00e9cits qui ouvrent une r\u00e9sonance artistique \u00e0 la beaut\u00e9 et \u00e0 la violence du r\u00e9el, \u00e0 ces histoires qui t\u00e9moignent de la vie quotidienne et de ses drames intimes et collectifs.<\/p><p>J\u2019ai \u00e9galement \u00e9crit et co-\u00e9crit des sc\u00e9narios de films de courts et longs m\u00e9trages.<\/p><p>\u00a0<\/p><h2>\u00a0<\/h2><p>\u00a0<\/p>\t\t\t\t\t\t\t\t<\/div>\n\t\t\t\t<\/div>\n\t\t\t\t\t<\/div>\n\t\t<\/div>\n\t\t\t\t\t<\/div>\n\t\t<\/section>\n\t\t\t\t<\/div>\n\t\t","protected":false},"excerpt":{"rendered":"<p>Vanessa Larr\u00e9\u00a0 Je suis n\u00e9e \u00e0 Gen\u00e8ve en Suisse, et j\u2019ai v\u00e9cu \u00e0 Paris pendant trente ans. Apr\u00e8s ma formation au CNSAD (1993\/96), j\u2019ai principalement poursuivi une carri\u00e8re de com\u00e9dienne avant de concevoir mon premier projet de mise en sc\u00e8ne en 2010\/11. Concert \u00e0 la Carte, de l\u2019auteur allemand Franz Xaver Kroetz, d\u00e9crit au scalpel&hellip;&nbsp;<a href=\"https:\/\/parcelle112.com\/?page_id=443\" class=\"\" rel=\"bookmark\">Lire la suite &raquo;<span class=\"screen-reader-text\">Vanessa Larr\u00e9<\/span><\/a><\/p>\n","protected":false},"author":1,"featured_media":0,"parent":0,"menu_order":0,"comment_status":"closed","ping_status":"closed","template":"","meta":{"neve_meta_sidebar":"","neve_meta_container":"","neve_meta_enable_content_width":"","neve_meta_content_width":0,"neve_meta_title_alignment":"","neve_meta_author_avatar":"","neve_post_elements_order":"","neve_meta_disable_header":"","neve_meta_disable_footer":"","neve_meta_disable_title":"","footnotes":""},"class_list":["post-443","page","type-page","status-publish","hentry"],"_links":{"self":[{"href":"https:\/\/parcelle112.com\/index.php?rest_route=\/wp\/v2\/pages\/443","targetHints":{"allow":["GET"]}}],"collection":[{"href":"https:\/\/parcelle112.com\/index.php?rest_route=\/wp\/v2\/pages"}],"about":[{"href":"https:\/\/parcelle112.com\/index.php?rest_route=\/wp\/v2\/types\/page"}],"author":[{"embeddable":true,"href":"https:\/\/parcelle112.com\/index.php?rest_route=\/wp\/v2\/users\/1"}],"replies":[{"embeddable":true,"href":"https:\/\/parcelle112.com\/index.php?rest_route=%2Fwp%2Fv2%2Fcomments&post=443"}],"version-history":[{"count":286,"href":"https:\/\/parcelle112.com\/index.php?rest_route=\/wp\/v2\/pages\/443\/revisions"}],"predecessor-version":[{"id":2622,"href":"https:\/\/parcelle112.com\/index.php?rest_route=\/wp\/v2\/pages\/443\/revisions\/2622"}],"wp:attachment":[{"href":"https:\/\/parcelle112.com\/index.php?rest_route=%2Fwp%2Fv2%2Fmedia&parent=443"}],"curies":[{"name":"wp","href":"https:\/\/api.w.org\/{rel}","templated":true}]}}